{"id":3130,"date":"2023-05-02T21:38:49","date_gmt":"2023-05-03T01:38:49","guid":{"rendered":"https:\/\/www.contrataciones.gov.py\/dncp\/?page_id=3130"},"modified":"2026-01-20T14:11:47","modified_gmt":"2026-01-20T17:11:47","slug":"ley-7021-de-suministro-y-contrataciones-publicas","status":"publish","type":"page","link":"https:\/\/www.contrataciones.gov.py\/dncp\/ley-7021\/ley-7021-de-suministro-y-contrataciones-publicas\/","title":{"rendered":"Ley 7021 \u201cDe Suministro y Contrataciones P\u00fablicas\u201d"},"content":{"rendered":"\n<figure class=\"wp-block-image size-large\"><img loading=\"lazy\" decoding=\"async\" width=\"1024\" height=\"217\" src=\"https:\/\/www.contrataciones.gov.py\/dncp\/wp-content\/uploads\/2024\/12\/actualizacion-de-usuarios-de-Unidades-de-Contratacion_WEB-32-1024x217.jpg\" alt=\"\" class=\"wp-image-13231\" srcset=\"https:\/\/www.contrataciones.gov.py\/dncp\/wp-content\/uploads\/2024\/12\/actualizacion-de-usuarios-de-Unidades-de-Contratacion_WEB-32-1024x217.jpg 1024w, https:\/\/www.contrataciones.gov.py\/dncp\/wp-content\/uploads\/2024\/12\/actualizacion-de-usuarios-de-Unidades-de-Contratacion_WEB-32-300x63.jpg 300w, https:\/\/www.contrataciones.gov.py\/dncp\/wp-content\/uploads\/2024\/12\/actualizacion-de-usuarios-de-Unidades-de-Contratacion_WEB-32-768x162.jpg 768w, https:\/\/www.contrataciones.gov.py\/dncp\/wp-content\/uploads\/2024\/12\/actualizacion-de-usuarios-de-Unidades-de-Contratacion_WEB-32-1536x325.jpg 1536w, https:\/\/www.contrataciones.gov.py\/dncp\/wp-content\/uploads\/2024\/12\/actualizacion-de-usuarios-de-Unidades-de-Contratacion_WEB-32.jpg 1920w\" sizes=\"auto, (max-width: 1024px) 100vw, 1024px\" \/><\/figure>\n\n\n\n<h5 class=\"wp-block-heading\"><strong>Ley 7021\/2022 \u201cDe Suministro y Contrataciones P\u00fablicas\u201d<\/strong><\/h5>\n\n\n\n<p>La nueva Ley 7021\/2022 \u201cDe Suministro y Contrataciones P\u00fablicas\u201d, nace en el 2020 en marco a un proyecto denominado \u201cReforma del Sistema de Compras P\u00fablicas\u201d, liderado por la Direcci\u00f3n Nacional de Contrataciones P\u00fablicas, en conjunto con el Ministerio de Hacienda y la Secretar\u00eda T\u00e9cnica de Planificaci\u00f3n, adem\u00e1s de la participaci\u00f3n de diversos sectores p\u00fablicos y privados.<\/p>\n\n\n\n<p>Esta nueva Ley busca actualizar y modernizar todas las compras del Estado, hacerlas m\u00e1s eficientes a trav\u00e9s de una cadena de suministros con la que se pretende establecer y ordenar todas las etapas de planificaci\u00f3n, programaci\u00f3n, administraci\u00f3n y evaluaci\u00f3n de las compras, mediante mecanismos tecnol\u00f3gicos y normativos, con el objetivo de potenciar a la compra p\u00fablica como un factor de desarrollo para el pa\u00eds.<\/p>\n\n\n\n<p>Con la nueva Ley N\u00b0 7021\/2022, podemos hablar de una verdadera reforma al r\u00e9gimen de compras p\u00fablicas del Paraguay, en donde la compra eficiente ser\u00e1 la protagonista, favoreciendo la adquisici\u00f3n de productos y servicios de calidad, evitando conflictos de inter\u00e9s, aumentando la libre competencia y potenciando la transparencia a trav\u00e9s de la optimizaci\u00f3n de los controles.<\/p>\n\n\n\n<p>Cabe recordar que la DNCP se encuentra trabajando actualmente en un proyecto denominado \u201cReingenier\u00eda del Portal de Contrataciones P\u00fablicas\u201d, dato no menos importante ya que mediante este proyecto se busca acompa\u00f1ar desde el punto de vista tecnol\u00f3gico, las reformas a ser realizadas en el sistema de contrataciones p\u00fablicas, en marco a la nueva ley recientemente promulgada.<\/p>\n\n\n\n<figure class=\"wp-block-table table-responsive\"><table><thead><tr><th class=\"has-text-align-left\" data-align=\"left\">Documentos de inter\u00e9s<\/th>\n<th class=\"has-text-align-center\" data-align=\"center\">Descarga<\/th><\/tr><\/thead><tbody><tr>\n<td class=\"has-text-align-left\" data-align=\"left\">Ley 7021\/2022 \u2013 De Suministro y Contrataciones P\u00fablicas<\/td>\n<td class=\"has-text-align-center\" data-align=\"center\">\n<a href=\"https:\/\/www.contrataciones.gov.py\/documentos\/download\/marco-legal\/57353\" target=\"_blank\" rel=\"noreferrer noopener\"><i class=\"fa fa-download\"><\/i><\/a><\/td><\/tr>\n<tr>\n<td class=\"has-text-align-left\" data-align=\"left\">Digesto Ley 7021\/2022 \u2013 De Suministro y Contrataciones P\u00fablicas<\/td>\n<td class=\"has-text-align-center\" data-align=\"center\">\n<a href=\"https:\/\/www.contrataciones.gov.py\/dncp\/wp-content\/uploads\/2026\/01\/digesto_ley_7021.pdf\" target=\"_blank\" rel=\"noreferrer noopener\"><i class=\"fa fa-download\"><\/i><\/a><\/td><\/tr><tr>\n<td class=\"has-text-align-left\" data-align=\"left\">Nuevas incorporaciones Ley 7021\/2022<\/td><td class=\"has-text-align-center\" data-align=\"center\">\n<a href=\"https:\/\/www.contrataciones.gov.py\/dncp\/wp-content\/uploads\/2024\/11\/Nuevas-incorporaciones-Ley-7021.pdf\" target=\"_blank\" rel=\"noreferrer noopener\"><i class=\"fa fa-download\"><\/i><\/a><\/td><\/tr><tr><td class=\"has-text-align-left\" data-align=\"left\">Decreto 2264\/24 &#8211; Reglamentaci\u00f3n de la Ley N\u00ba 7021\/2022 \u00abDe Suministro y Contrataciones P\u00fablicas\u00bb<\/td>\n<td class=\"has-text-align-center\" data-align=\"center\"><a href=\"https:\/\/www.contrataciones.gov.py\/documentos\/download\/marco-legal\/63966\" target=\"_blank\" rel=\"noreferrer noopener\"><i class=\"fa fa-download\">\n<\/td><\/tr>\n<tr><td class=\"has-text-align-left\" data-align=\"left\">Circular DNCP N\u00b0 08\/2023<\/td>\n<td class=\"has-text-align-center\" data-align=\"center\"><a href=\"https:\/\/www.contrataciones.gov.py\/documentos\/download\/marco-legal\/60342\" target=\"_blank\" rel=\"noreferrer noopener\"><i class=\"fa fa-download\">\n<\/td><\/tr>\n<\/td><\/tr>\n<tr><td class=\"has-text-align-left\" data-align=\"left\">Resoluci\u00f3n MEF N\u00b0 14\/2023 Lineamientos<\/td>\n<td class=\"has-text-align-center\" data-align=\"center\"><a href=\"https:\/\/www.contrataciones.gov.py\/dncp\/wp-content\/uploads\/2023\/10\/res_mef_n_14.pdf\" target=\"_blank\" rel=\"noreferrer noopener\"><i class=\"fa fa-download\">\n<\/td><\/tr>\n<\/tbody><\/table><\/figure>\n","protected":false},"excerpt":{"rendered":"Ley 7021\/2022 \u201cDe Suministro y Contrataciones P\u00fablicas\u201d La nueva Ley 7021\/2022 \u201cDe Suministro y Contrataciones P\u00fablicas\u201d, nace en el 2020 en marco a un proyecto denominado \u201cReforma del Sistema de Compras P\u00fablicas\u201d, liderado por la Direcci\u00f3n Nacional de Contrataciones P\u00fablicas, en conjunto con el Ministerio de Hacienda y la Secretar\u00eda T\u00e9cnica de Planificaci\u00f3n, adem\u00e1s de [&hellip;]","protected":false},"author":8,"featured_media":0,"parent":2941,"menu_order":0,"comment_status":"closed","ping_status":"closed","template":"","meta":{"footnotes":""},"class_list":["post-3130","page","type-page","status-publish","hentry"],"_links":{"self":[{"href":"https:\/\/www.contrataciones.gov.py\/dncp\/wp-json\/wp\/v2\/pages\/3130","targetHints":{"allow":["GET"]}}],"collection":[{"href":"https:\/\/www.contrataciones.gov.py\/dncp\/wp-json\/wp\/v2\/pages"}],"about":[{"href":"https:\/\/www.contrataciones.gov.py\/dncp\/wp-json\/wp\/v2\/types\/page"}],"author":[{"embeddable":true,"href":"https:\/\/www.contrataciones.gov.py\/dncp\/wp-json\/wp\/v2\/users\/8"}],"replies":[{"embeddable":true,"href":"https:\/\/www.contrataciones.gov.py\/dncp\/wp-json\/wp\/v2\/comments?post=3130"}],"version-history":[{"count":13,"href":"https:\/\/www.contrataciones.gov.py\/dncp\/wp-json\/wp\/v2\/pages\/3130\/revisions"}],"predecessor-version":[{"id":25926,"href":"https:\/\/www.contrataciones.gov.py\/dncp\/wp-json\/wp\/v2\/pages\/3130\/revisions\/25926"}],"up":[{"embeddable":true,"href":"https:\/\/www.contrataciones.gov.py\/dncp\/wp-json\/wp\/v2\/pages\/2941"}],"wp:attachment":[{"href":"https:\/\/www.contrataciones.gov.py\/dncp\/wp-json\/wp\/v2\/media?parent=3130"}],"curies":[{"name":"wp","href":"https:\/\/api.w.org\/{rel}","templated":true}]}}