{"id":3138,"date":"2023-05-02T21:46:15","date_gmt":"2023-05-03T01:46:15","guid":{"rendered":"https:\/\/www.contrataciones.gov.py\/dncp\/?page_id=3138"},"modified":"2025-04-02T10:49:13","modified_gmt":"2025-04-02T13:49:13","slug":"acreditacion-de-compradores-publicos","status":"publish","type":"page","link":"https:\/\/www.contrataciones.gov.py\/dncp\/evaluacion-para-acreditacion-de-compradores-publicos\/acreditacion-de-compradores-publicos\/","title":{"rendered":"Acreditaci\u00f3n para Compradores P\u00fablicos"},"content":{"rendered":"\n<figure class=\"wp-block-image size-large\"><img loading=\"lazy\" decoding=\"async\" width=\"1024\" height=\"217\" src=\"https:\/\/www.contrataciones.gov.py\/dncp\/wp-content\/uploads\/2024\/12\/actualizacion-de-usuarios-de-Unidades-de-Contratacion_WEB-5-2-1024x217.jpg\" alt=\"\" class=\"wp-image-13447\" srcset=\"https:\/\/www.contrataciones.gov.py\/dncp\/wp-content\/uploads\/2024\/12\/actualizacion-de-usuarios-de-Unidades-de-Contratacion_WEB-5-2-1024x217.jpg 1024w, https:\/\/www.contrataciones.gov.py\/dncp\/wp-content\/uploads\/2024\/12\/actualizacion-de-usuarios-de-Unidades-de-Contratacion_WEB-5-2-300x63.jpg 300w, https:\/\/www.contrataciones.gov.py\/dncp\/wp-content\/uploads\/2024\/12\/actualizacion-de-usuarios-de-Unidades-de-Contratacion_WEB-5-2-768x162.jpg 768w, https:\/\/www.contrataciones.gov.py\/dncp\/wp-content\/uploads\/2024\/12\/actualizacion-de-usuarios-de-Unidades-de-Contratacion_WEB-5-2-1536x325.jpg 1536w, https:\/\/www.contrataciones.gov.py\/dncp\/wp-content\/uploads\/2024\/12\/actualizacion-de-usuarios-de-Unidades-de-Contratacion_WEB-5-2.jpg 1920w\" sizes=\"auto, (max-width: 1024px) 100vw, 1024px\" \/><\/figure>\n\n\n\n<p>La <strong>Ley N\u00b0 7021\/2022<\/strong> crea el <strong>Registro de Compradores P\u00fablicos<\/strong> y faculta a la <strong>Direcci\u00f3n Nacional de Contrataciones P\u00fablicas<\/strong> <strong>(DNCP)<\/strong> a establecer los mecanismos necesarios para identificar a los funcionarios p\u00fablicos que participan en todas las etapas de los procedimientos de contrataci\u00f3n. Esto tiene como finalidad facilitar la capacitaci\u00f3n, evaluaci\u00f3n y certificaci\u00f3n de dichos funcionarios.<br>En ejercicio de esta facultad, la DNCP ha emitido la<a href=\"https:\/\/www.contrataciones.gov.py\/documentos\/download\/marco-legal\/66656\"> <strong>Resoluci\u00f3n DNCP N\u00b0 777\/2025<\/strong><\/a>, mediante la cual se aprueba el<strong> Reglamento de Acreditaci\u00f3n de Competencias T\u00e9cnicas de los Compradores P\u00fablicos.<\/strong> Esta normativa establece los requisitos y procedimientos para la certificaci\u00f3n de los funcionarios responsables de las compras p\u00fablicas en Paraguay.<\/p>\n\n\n\n<h2 class=\"wp-block-heading\"><strong>\u00bfPor qu\u00e9 certificar?<\/strong><\/h2>\n\n\n\n<p>El objetivo de la certificaci\u00f3n es profesionalizar a los compradores p\u00fablicos, asegurando que cuenten con las competencias t\u00e9cnicas necesarias para gestionar contrataciones de manera <strong>eficiente, transparente y conforme a la normativa vigente.<\/strong><br><\/p>\n\n\n\n<h2 class=\"wp-block-heading\"><strong>\u00bfA qui\u00e9nes aplica?<\/strong><\/h2>\n\n\n\n<p>La acreditaci\u00f3n es obligatoria para:<br>\u2022 Titulares y funcionarios t\u00e9cnicos de las <strong>Unidades Operativas de Contrataci\u00f3n (UOC) y Unidades Ejecutoras de Proyectos (UEP) <\/strong>de entidades estatales y municipalidades que intervienen en procedimientos de contrataci\u00f3n.<br>\u2022 Estos funcionarios deben contar con usuarios activos y perfiles habilitados en el <strong>Sistema de Informaci\u00f3n de Compras P\u00fablicas (SICP).<\/strong><br>\u2022 La DNCP podr\u00e1 incorporar <strong>nuevos perfiles sujetos a acreditaci\u00f3n<\/strong> mediante resoluci\u00f3n expresa.<br><\/p>\n\n\n\n<h2 class=\"wp-block-heading\"><strong>Inscripci\u00f3n y actualizaci\u00f3n de datos<\/strong><\/h2>\n\n\n\n<p>\u2022 Los funcionarios identificados de acuerdo a la planilla deben <strong>inscribirse previamente<\/strong> en el portal del <strong>Instituto T\u00e9cnico Superior de Compras P\u00fablicas (ITSCP)<\/strong>, siguiendo las indicaciones de fechas y horarios establecidos.<br>\u2022 Los<strong> titulares y t\u00e9cnicos de las UOC y UEP<\/strong> son responsables de verificar la <strong>exactitud de los datos registrados en el SICP<\/strong> y, en caso de inconsistencias, deben gestionarlas conforme a la normativa vigente.<br><\/p>\n\n\n\n<p><strong>Para m\u00e1s informaci\u00f3n contactar al correo de academica.instituto@dncp.edu.py ; aareco@dncp.gov.py al +59521 415 4000 interno 1610 y 1603.<\/strong><\/p>\n\n\n\n<p><\/p>\n","protected":false},"excerpt":{"rendered":"La Ley N\u00b0 7021\/2022 crea el Registro de Compradores P\u00fablicos y faculta a la Direcci\u00f3n Nacional de Contrataciones P\u00fablicas (DNCP) a establecer los mecanismos necesarios para identificar a los funcionarios p\u00fablicos que participan en todas las etapas de los procedimientos de contrataci\u00f3n. Esto tiene como finalidad facilitar la capacitaci\u00f3n, evaluaci\u00f3n y certificaci\u00f3n de dichos funcionarios.En [&hellip;]","protected":false},"author":8,"featured_media":0,"parent":926,"menu_order":1,"comment_status":"closed","ping_status":"closed","template":"","meta":{"footnotes":""},"class_list":["post-3138","page","type-page","status-publish","hentry"],"_links":{"self":[{"href":"https:\/\/www.contrataciones.gov.py\/dncp\/wp-json\/wp\/v2\/pages\/3138","targetHints":{"allow":["GET"]}}],"collection":[{"href":"https:\/\/www.contrataciones.gov.py\/dncp\/wp-json\/wp\/v2\/pages"}],"about":[{"href":"https:\/\/www.contrataciones.gov.py\/dncp\/wp-json\/wp\/v2\/types\/page"}],"author":[{"embeddable":true,"href":"https:\/\/www.contrataciones.gov.py\/dncp\/wp-json\/wp\/v2\/users\/8"}],"replies":[{"embeddable":true,"href":"https:\/\/www.contrataciones.gov.py\/dncp\/wp-json\/wp\/v2\/comments?post=3138"}],"version-history":[{"count":3,"href":"https:\/\/www.contrataciones.gov.py\/dncp\/wp-json\/wp\/v2\/pages\/3138\/revisions"}],"predecessor-version":[{"id":18111,"href":"https:\/\/www.contrataciones.gov.py\/dncp\/wp-json\/wp\/v2\/pages\/3138\/revisions\/18111"}],"up":[{"embeddable":true,"href":"https:\/\/www.contrataciones.gov.py\/dncp\/wp-json\/wp\/v2\/pages\/926"}],"wp:attachment":[{"href":"https:\/\/www.contrataciones.gov.py\/dncp\/wp-json\/wp\/v2\/media?parent=3138"}],"curies":[{"name":"wp","href":"https:\/\/api.w.org\/{rel}","templated":true}]}}