{"id":3375,"date":"2023-05-02T23:29:12","date_gmt":"2023-05-03T03:29:12","guid":{"rendered":"https:\/\/www.contrataciones.gov.py\/dncp\/?page_id=3375"},"modified":"2025-03-04T09:40:10","modified_gmt":"2025-03-04T12:40:10","slug":"guia-para-adquisicion-de-pasajes-aereos-en-la-tienda-virtual","status":"publish","type":"page","link":"https:\/\/www.contrataciones.gov.py\/dncp\/guia-para-adquisicion-de-pasajes-aereos-en-la-tienda-virtual\/guia-para-adquisicion-de-pasajes-aereos-en-la-tienda-virtual\/","title":{"rendered":"Gu\u00eda para adquisici\u00f3n de pasajes a\u00e9reos en la Tienda Virtual"},"content":{"rendered":"\n<figure class=\"wp-block-image size-full\"><img loading=\"lazy\" decoding=\"async\" width=\"1920\" height=\"406\" src=\"https:\/\/www.contrataciones.gov.py\/dncp\/wp-content\/uploads\/2025\/03\/Adquisicion-de-pasajes-aereos-en-la-tienda-virtual.jpg\" alt=\"\" class=\"wp-image-17316\" srcset=\"https:\/\/www.contrataciones.gov.py\/dncp\/wp-content\/uploads\/2025\/03\/Adquisicion-de-pasajes-aereos-en-la-tienda-virtual.jpg 1920w, https:\/\/www.contrataciones.gov.py\/dncp\/wp-content\/uploads\/2025\/03\/Adquisicion-de-pasajes-aereos-en-la-tienda-virtual-300x63.jpg 300w, https:\/\/www.contrataciones.gov.py\/dncp\/wp-content\/uploads\/2025\/03\/Adquisicion-de-pasajes-aereos-en-la-tienda-virtual-1024x217.jpg 1024w, https:\/\/www.contrataciones.gov.py\/dncp\/wp-content\/uploads\/2025\/03\/Adquisicion-de-pasajes-aereos-en-la-tienda-virtual-768x162.jpg 768w, https:\/\/www.contrataciones.gov.py\/dncp\/wp-content\/uploads\/2025\/03\/Adquisicion-de-pasajes-aereos-en-la-tienda-virtual-1536x325.jpg 1536w\" sizes=\"auto, (max-width: 1920px) 100vw, 1920px\" \/><\/figure>\n\n\n\n<p>Esta gu\u00eda tiene como principal objetivo facilitar y poner a conocimiento de los usuarios del sistema de la Tienda Virtual, los puntos espec\u00edficos a tener en cuenta para la realizaci\u00f3n de compra de pasajes a\u00e9reos, trav\u00e9s de la Tienda Virtual.<\/p>\n\n\n\n<p>Recordemos que la utilizaci\u00f3n de esta modalidad complementaria, es una plataforma tecnol\u00f3gica que permite a las distintas entidades y organismos del Estado Paraguayo adquirir productos que satisfagan sus necesidades, las cuales se encuentran descriptas en la&nbsp;<a href=\"https:\/\/www.contrataciones.gov.py\/dncp\/guias-electronicas.html?tipo=guia-cm-unidades-compradoras\">Gu\u00eda de uso de la Tienda Virtual para UOC<\/a>, publicada en el portal de Contrataciones P\u00fablicas.<\/p>\n\n\n\n<p>Por tanto, para la adquisici\u00f3n de este servicio para traslados de funcionarios, dentro del territorio paraguayo, as\u00ed como fuera del pa\u00eds, se desprenden estos dos \u00edtems disponibles en la Tienda Virtual:<\/p>\n\n\n\n<p><strong>\u00cdtem 1<\/strong><strong>.:<\/strong>&nbsp;Provisi\u00f3n de pasaje a\u00e9reo internacional.<\/p>\n\n\n\n<p><strong>\u00cdtem 2.:<\/strong>&nbsp;Provisi\u00f3n de pasaje a\u00e9reo nacional.<\/p>\n\n\n\n<div style=\"height:26px\" aria-hidden=\"true\" class=\"wp-block-spacer\"><\/div>\n\n\n\n<figure class=\"wp-block-image size-large\"><img decoding=\"async\" src=\"\/\/static.dncp.gov.py\/PublishingImages\/Lists\/GuiasElectronicas\/AllItems\/Menu_pasajes.png\" alt=\"\"\/><\/figure>\n\n\n\n<p>Una&nbsp;vez en la Tienda&nbsp;Virtual, se puede acceder a ambos \u00edtems ingresando a Productos, y luego Pasajes.&nbsp;<\/p>\n","protected":false},"excerpt":{"rendered":"Esta gu\u00eda tiene como principal objetivo facilitar y poner a conocimiento de los usuarios del sistema de la Tienda Virtual, los puntos espec\u00edficos a tener en cuenta para la realizaci\u00f3n de compra de pasajes a\u00e9reos, trav\u00e9s de la Tienda Virtual. Recordemos que la utilizaci\u00f3n de esta modalidad complementaria, es una plataforma tecnol\u00f3gica que permite a [&hellip;]","protected":false},"author":8,"featured_media":0,"parent":3367,"menu_order":0,"comment_status":"closed","ping_status":"closed","template":"","meta":{"footnotes":""},"class_list":["post-3375","page","type-page","status-publish","hentry"],"_links":{"self":[{"href":"https:\/\/www.contrataciones.gov.py\/dncp\/wp-json\/wp\/v2\/pages\/3375","targetHints":{"allow":["GET"]}}],"collection":[{"href":"https:\/\/www.contrataciones.gov.py\/dncp\/wp-json\/wp\/v2\/pages"}],"about":[{"href":"https:\/\/www.contrataciones.gov.py\/dncp\/wp-json\/wp\/v2\/types\/page"}],"author":[{"embeddable":true,"href":"https:\/\/www.contrataciones.gov.py\/dncp\/wp-json\/wp\/v2\/users\/8"}],"replies":[{"embeddable":true,"href":"https:\/\/www.contrataciones.gov.py\/dncp\/wp-json\/wp\/v2\/comments?post=3375"}],"version-history":[{"count":6,"href":"https:\/\/www.contrataciones.gov.py\/dncp\/wp-json\/wp\/v2\/pages\/3375\/revisions"}],"predecessor-version":[{"id":17320,"href":"https:\/\/www.contrataciones.gov.py\/dncp\/wp-json\/wp\/v2\/pages\/3375\/revisions\/17320"}],"up":[{"embeddable":true,"href":"https:\/\/www.contrataciones.gov.py\/dncp\/wp-json\/wp\/v2\/pages\/3367"}],"wp:attachment":[{"href":"https:\/\/www.contrataciones.gov.py\/dncp\/wp-json\/wp\/v2\/media?parent=3375"}],"curies":[{"name":"wp","href":"https:\/\/api.w.org\/{rel}","templated":true}]}}