{"id":3410,"date":"2023-05-02T23:37:11","date_gmt":"2023-05-03T03:37:11","guid":{"rendered":"https:\/\/www.contrataciones.gov.py\/dncp\/?page_id=3410"},"modified":"2023-05-03T00:03:51","modified_gmt":"2023-05-03T04:03:51","slug":"introduccion","status":"publish","type":"page","link":"https:\/\/www.contrataciones.gov.py\/dncp\/guia-practica-de-compras-publicas-sostenibles-para-convocantes\/introduccion\/","title":{"rendered":"Introducci\u00f3n"},"content":{"rendered":"\n<figure class=\"wp-block-image size-full\"><img loading=\"lazy\" decoding=\"async\" width=\"810\" height=\"173\" src=\"https:\/\/www.contrataciones.gov.py\/dncp\/wp-content\/uploads\/2023\/05\/image-32.png\" alt=\"\" class=\"wp-image-3482\" srcset=\"https:\/\/www.contrataciones.gov.py\/dncp\/wp-content\/uploads\/2023\/05\/image-32.png 810w, https:\/\/www.contrataciones.gov.py\/dncp\/wp-content\/uploads\/2023\/05\/image-32-300x64.png 300w, https:\/\/www.contrataciones.gov.py\/dncp\/wp-content\/uploads\/2023\/05\/image-32-768x164.png 768w\" sizes=\"auto, (max-width: 810px) 100vw, 810px\" \/><\/figure>\n\n\n\n<div class=\"ExternalClass5BE2EBDA07A54CBF90726859F93EB031\">\n   <p style=\"text-align: center;\"> \n      <strong style=\"font-size: 32px; color: #005594; text-decoration-style: solid; text-decoration-color: #005594;\"><em style=\"text-decoration-style: solid; text-decoration-color: #005594;\">\u200b\u200b\u200b\u200bINTRODUCCI\u00d3N<\/em><\/strong><br\/><\/p>\n   <p style=\"text-align: justify;\"> \n      <em>A<\/em> partir del informe \u201cNuestro Futuro Com\u00fan&quot; (Our Common Future), presentado en 1987 en la Asamblea de las Naciones Unidas, los pa\u00edses comenzaron a comprender que no siempre el crecimiento econ\u00f3mico es sin\u00f3nimo de mayor desarrollo.<\/p>\n   <p style=\"text-align: justify;\">No se estaba considerando adecuadamente la existencia de impactos no deseados, ni la vulneraci\u00f3n de l\u00edmites capaces de afectar al planeta, a la propia econom\u00eda y en consecuencia a la calidad de vida de las personas, incluso a aquellas que integrar\u00edan las generaciones venideras.<\/p>\n   <p style=\"text-align: justify;\">Surge entonces el concepto de&#160;<strong>\u200bdesarrollo sostenible<\/strong>, entendido como aquel modelo de crecimiento capaz de garantizar la satisfacci\u00f3n de las necesidades de las generaciones presentes, sin comprometer o afectar la capacidad de las generaciones futuras de satisfacer sus propias necesidades.<\/p>\n   <p style=\"text-align: justify;\">Bajo este enfoque, las pol\u00edticas p\u00fablicas de desarrollo sostenible deben contribuir a la mejora de la calidad de vida, a partir de un modelo de crecimiento en el que el desarrollo productivo\/econ\u00f3mico, la reducci\u00f3n de impactos ambientales y la generaci\u00f3n de beneficios sociales, no s\u00f3lo no se presenten como objetivos excluyentes, si no que necesariamente resulten interdependientes.<\/p>\n   <p style=\"text-align: justify;\">Con fundamento en la Constituci\u00f3n de la Rep\u00fablica y aprobado por Decreto N\u00ba 2794 de 2014, Paraguay puso en marcha el Plan Nacional de Desarrollo &#8211; PND \u201cParaguay 2030&quot;, buscando establecer un proyecto de desarrollo com\u00fan, con eje en la reducci\u00f3n de la pobreza; el desarrollo social e inclusivo; el fortalecimiento institucional; la gesti\u00f3n eficiente y transparente y la sostenibilidad ambiental.<\/p>\n   <p style=\"text-align: justify;\">El Plan a\u00fan vigente, promueve un modelo de gesti\u00f3n sist\u00e9mico y transversal a trav\u00e9s del trabajo articulado de los poderes ejecutivo, legislativo y judicial a todos los niveles y jerarqu\u00edas de gobierno, con el sector privado y la comunidad.<br\/><\/p>\n   <p style=\"text-align: justify;\">\u200bEn el a\u00f1o 2015, en el marco de la Asamblea General de las Naciones Unidas 195 pa\u00edses, entre ellos Paraguay, suscribieron la&#160;<strong>Agenda 2030 de Desarrollo Sostenible<\/strong>, mediante la cual se comprometieron a alcanzar 17 objetivos de desarrollo sostenible (ODS), establecidos como fundamentales para lograr este modelo de desarrollo sostenible en nuestras sociedades.&#160;<br\/><\/p>\n   <p style=\"text-align: justify;\"> \n      <img decoding=\"async\" src=\"https:\/\/static.dncp.gov.py\/PublishingImages\/Lists\/GuiasElectronicas\/AllItems\/003-guia-proveedores.jpg\" alt=\"\" style=\"margin: 5px;\"\/>\u200b\u200b<br\/><\/p>\n   <p style=\"text-align: justify;\">Tanto la Agenda 2030 como el PND 2030 refieren la necesidad de contar con sistemas de producci\u00f3n y consumos sostenibles y responsables, que promuevan la desvinculaci\u00f3n del crecimiento econ\u00f3mico de la degradaci\u00f3n ambiental, aumentando la eficiencia en el uso de los recursos y fomentando estilos de vida sostenibles; objetivos estos que contribuyen a la reducci\u00f3n de la pobreza y a una transici\u00f3n justa hacia econom\u00edas verdes.&#160;<br\/><\/p>\n   <p style=\"text-align: justify;\">\n   <\/p>\n   <p style=\"text-align: justify;\">El Estado, sin duda, tiene un rol protag\u00f3nico en este camino de transformaci\u00f3n y encuentra en las compras p\u00fablicas un instrumento clave para el logro de este reto.&#160;<\/p>\n   <p style=\"text-align: justify;\">Los gobiernos adquieren una amplia gama de insumos, bienes, obras y servicios, que los convierte en actores influyentes del mercado, y a sus&#160;<strong>sistemas de compras<\/strong> en \u00e1reas estrat\u00e9gicas capaces de apalancar objetivos de pol\u00edticas p\u00fablicas a partir de sus decisiones de compra, transformando de este modo la cadena de valor del mercado p\u00fablico y promoviendo el desarrollo m\u00e1s equilibrado de las comunidades.<\/p>\n   <p style=\"text-align: justify;\">\n      <img decoding=\"async\" src=\"https:\/\/static.dncp.gov.py\/PublishingImages\/Lists\/GuiasElectronicas\/AllItems\/004-guia-proveedores.jpg\" alt=\"\" style=\"margin: 5px;\"\/>Entre 2010 y 2020 el estado paraguayo ha adquirido bienes y servicios en el mercado por un valor anual que equivale a entre un 7 y 10 por ciento del PBI del pa\u00eds<a href=\"#ref6\"><sup>[\u200b6\u200b]<\/sup><\/a>, circunstancia que confirma con claridad meridiana su rol protag\u00f3nico y su capacidad para promover buenas pr\u00e1cticas que impacten positivamente en la econom\u00eda, el ambiente y la sociedad en su conjunto.<\/p>\n   <p id=\"r6\" style=\"text-align: justify;\">\n      <br\/>\n   <\/p>\n   <p> \n      <br\/> \n      <br\/> \n   <\/p>\n   <p style=\"text-align: justify;\"> \n      <a id=\"ref6\" href=\"#r6\">\n         <sup style=\"font-size: 10px;\">[6]<\/sup><\/a><span style=\"font-size: 10px;\"> Insfr\u00e1n, J. A. (2021). Estudio sobre la participaci\u00f3n de las mipymes en las compras p\u00fablicas del Paraguay. Periodo 2017-2020. Programa MiPYME COMPITE. L\u00f3pez-Fresno, P. y Barreto, M. (Eds). Paraguay: Ministerio de industria y Comercio.<\/span><br\/><\/p>\n   <p style=\"text-align: justify;\"> \n      <br\/> \n   <\/p>\n   <div>\n      <div style=\"text-align: center;\"> \n         <br\/> \n      <\/div>\n   <\/div>\n<\/div>\n","protected":false},"excerpt":{"rendered":"\u200b\u200b\u200b\u200bINTRODUCCI\u00d3N A partir del informe \u201cNuestro Futuro Com\u00fan&quot; (Our Common Future), presentado en 1987 en la Asamblea de las Naciones Unidas, los pa\u00edses comenzaron a comprender que no siempre el crecimiento econ\u00f3mico es sin\u00f3nimo de mayor desarrollo. No se estaba considerando adecuadamente la existencia de impactos no deseados, ni la vulneraci\u00f3n de l\u00edmites capaces de [&hellip;]","protected":false},"author":8,"featured_media":0,"parent":3366,"menu_order":2,"comment_status":"closed","ping_status":"closed","template":"","meta":{"footnotes":""},"class_list":["post-3410","page","type-page","status-publish","hentry"],"_links":{"self":[{"href":"https:\/\/www.contrataciones.gov.py\/dncp\/wp-json\/wp\/v2\/pages\/3410","targetHints":{"allow":["GET"]}}],"collection":[{"href":"https:\/\/www.contrataciones.gov.py\/dncp\/wp-json\/wp\/v2\/pages"}],"about":[{"href":"https:\/\/www.contrataciones.gov.py\/dncp\/wp-json\/wp\/v2\/types\/page"}],"author":[{"embeddable":true,"href":"https:\/\/www.contrataciones.gov.py\/dncp\/wp-json\/wp\/v2\/users\/8"}],"replies":[{"embeddable":true,"href":"https:\/\/www.contrataciones.gov.py\/dncp\/wp-json\/wp\/v2\/comments?post=3410"}],"version-history":[{"count":2,"href":"https:\/\/www.contrataciones.gov.py\/dncp\/wp-json\/wp\/v2\/pages\/3410\/revisions"}],"predecessor-version":[{"id":3483,"href":"https:\/\/www.contrataciones.gov.py\/dncp\/wp-json\/wp\/v2\/pages\/3410\/revisions\/3483"}],"up":[{"embeddable":true,"href":"https:\/\/www.contrataciones.gov.py\/dncp\/wp-json\/wp\/v2\/pages\/3366"}],"wp:attachment":[{"href":"https:\/\/www.contrataciones.gov.py\/dncp\/wp-json\/wp\/v2\/media?parent=3410"}],"curies":[{"name":"wp","href":"https:\/\/api.w.org\/{rel}","templated":true}]}}