{"id":3444,"date":"2023-05-02T23:54:25","date_gmt":"2023-05-03T03:54:25","guid":{"rendered":"https:\/\/www.contrataciones.gov.py\/dncp\/?page_id=3444"},"modified":"2023-05-03T00:02:35","modified_gmt":"2023-05-03T04:02:35","slug":"medir_documentar_y_compartir_buenas_practicas","status":"publish","type":"page","link":"https:\/\/www.contrataciones.gov.py\/dncp\/guia-practica-de-compras-publicas-sostenibles-para-convocantes\/medir_documentar_y_compartir_buenas_practicas\/","title":{"rendered":"Medir, documentar y compartir buenas pr\u00e1cticas"},"content":{"rendered":"\n<figure class=\"wp-block-image size-full\"><img loading=\"lazy\" decoding=\"async\" width=\"810\" height=\"173\" src=\"https:\/\/www.contrataciones.gov.py\/dncp\/wp-content\/uploads\/2023\/05\/image-28.png\" alt=\"\" class=\"wp-image-3469\" srcset=\"https:\/\/www.contrataciones.gov.py\/dncp\/wp-content\/uploads\/2023\/05\/image-28.png 810w, https:\/\/www.contrataciones.gov.py\/dncp\/wp-content\/uploads\/2023\/05\/image-28-300x64.png 300w, https:\/\/www.contrataciones.gov.py\/dncp\/wp-content\/uploads\/2023\/05\/image-28-768x164.png 768w\" sizes=\"auto, (max-width: 810px) 100vw, 810px\" \/><\/figure>\n\n\n\n<div class=\"ExternalClass01A0A48CFC8F491E90F2E06B15655150\">\n   <p>\u200b<a href=\"#medir\">V.-MEDIR, DOCUMENTAR Y COMPARTIR BUENAS PR\u00c1CTICAS.<\/a><\/p>\n   <p> \n      <a href=\"#publicar\">a. Publicar, usar y mejorar datos<\/a><\/p>\n   <p> \n      <a href=\"#considerar\">b. A considerar: Algunos errores frecuentes<\/a><br\/><\/p>\n   <p style=\"text-align: center;\"> \n      <span id=\"medir\" style=\"color: #444444;\">\n         <br style=\"color: #005594;\"\/>\n         <span style=\"color: #005594;\">\n            <strong>V.-MEDIR, DOCUMENTAR Y COMPARTIR BUENAS PR\u00c1CTICAS.<\/strong><\/span><br\/><\/span><\/p> \n   <span id=\"publicar\" style=\"color: #444444;\">\n      <strong>a. Publicar, usar y mejorar datos<\/strong><\/span><br style=\"color: #444444;\"\/> \n   <p style=\"text-align: justify;\">Contar con un programa de datos abiertos facilita el an\u00e1lisis de agregaci\u00f3n de valor sobre el dinero invertido y permite tomar mejores decisiones. En otras palabras, nos permite comprobar de manera transparente si los objetivos establecidos se han cumplido, identificar problemas y pensar en soluciones.<\/p>\n   <p style=\"text-align: justify;\">Paraguay cuenta con una plataforma electr\u00f3nica que simplifica la carga y an\u00e1lisis de datos estandarizados, pero es imprescindible el compromiso de todos para medirlos correctamente.<\/p>\n   <p style=\"text-align: justify;\">Compartir informaci\u00f3n y experiencias durante la planificaci\u00f3n y ejecuci\u00f3n, pero sobre todo luego de finalizada la contrataci\u00f3n, hace posible un adecuado seguimiento y control por parte de todos. Adem\u00e1s, genera incentivos entre las partes interesadas.<\/p>\n   <p style=\"text-align: justify;\">\u00bfQu\u00e9 monitorear y relevar?<\/p>\n   <ul>\n      <li>El progreso\/avance en el logro de objetivos establecidos.<\/li>\n      <li>La calidad de las acciones implementadas y su comunicaci\u00f3n.<\/li>\n   <\/ul> \n   <br\/>Consultas internas:<br\/> \n   <ol style=\"list-style-type: decimal;\">\n      <li>\u00bfQu\u00e9 barreras u obst\u00e1culos fueron encontrados? \u00bfexisten sugerencias de mejora?<\/li>\n      <li>\u00bfSe fijaron metas demasiado\/poco ambiciosas?<\/li>\n      <li>\u00bfSe cumplieron los objetivos? \u00bfdeben fijarse nuevos? \u00bfque podr\u00eda mejorarse?<\/li>\n      <li>\u00bfExisti\u00f3 una adecuada integraci\u00f3n entre las diferentes \u00e1reas de gobierno?<\/li>\n   <\/ol>\n   <p style=\"text-align: justify;\">Los indicadores cuantitativos aportan informaci\u00f3n sobre el progreso\/avance en la incorporaci\u00f3n de criterios de sostenibilidad en los procesos. Ejemplo: cantidad de contratos celebrados con criterios de sostenibilidad (% del total); valor de los procedimientos (% del valor total).<\/p> \n   <span id=\"considerar\" style=\"color: #444444;\">\n      <strong>b. A considerar: Algunos errores frecuentes<\/strong><\/span> \n   <div> \n      <b>\n         <br style=\"color: #444444;\"\/> \n         <ul>\n            <li> \n               <strong>Incluir en los Pliegos de Bases y Condiciones criterios de sostenibilidad demasiado complicados para ser implementados, o hacerlo de forma vaga o poco precisa. <\/strong><\/li>\n         <\/ul><\/b> \n      <br\/>\u200bSi bien existen recomendaciones o criterios generales con el objeto de orientar a convocantes y proveedores con relaci\u00f3n a los objetivos que buscan alcanzarse en materia de CPS, para una correcta evaluaci\u00f3n de ofertas se requiere redacci\u00f3n clara y espec\u00edfica, tanto del criterio estipulado, como de su verificaci\u00f3n.<br\/><br\/>Cuando no existen definiciones oficiales sobre algunos t\u00e9rminos utilizados en los criterios, mayor debe ser la precisi\u00f3n en la redacci\u00f3n del mismo, a fin de garantizar su comprensi\u00f3n y cumplimiento.<br\/> \n      <div>\n         <p style=\"text-align: justify;\"> \n            <em>Ejemplo: <\/em><\/p>\n      <\/div>\n   <\/div>\n   <blockquote style=\"margin: 0px 0px 0px 40px; border: none; padding: 0px;\">\n      <div>\n         <div>\n            <p style=\"text-align: justify;\"> \n               <em>Productos biodegradables; alimentos de estaci\u00f3n; alimentos org\u00e1nicos; productos reciclados, entre otros. <\/em><\/p>\n         <\/div>\n      <\/div>\n   <\/blockquote>\n   <div>\n      <div>\n         <p style=\"text-align: justify;\">A fin de facilitar la tarea de los convocantes, se sugiere consultar la plantilla de rubros y productos priorizados con criterios de sostenibilidad, ya que la misma tiene una actualizaci\u00f3n peri\u00f3dica.<\/p>\n         <ul style=\"text-align: justify;\">\n            <li> \n               <strong>Olvidar consignar la expresi\u00f3n \u00abo equivalente\u00bb cuando fuera procedente<\/strong><\/li>\n         <\/ul>\n         <p>Muchas veces las especificaciones t\u00e9cnicas de sostenibilidad refieren a normas, est\u00e1ndares, etiquetas u otras validaciones t\u00e9cnicas de organismos no oficiales, internacionales o a una&#160;<span style=\"text-align: justify;\">marca, patente, tipo de proceso o tecnolog\u00eda, con el objeto de facilitar la descripci\u00f3n del producto, servicio u obra solicitado. Sin embargo, y atendiendo a que ello puede significar una restricci\u00f3n al acceso o direccionamiento de la demanda, debe completarse la descripci\u00f3n con el mayor detalle posible, e indicarse la expresi\u00f3n \u201co equivalente&quot;.<\/span><\/p>\n         <p style=\"text-align: justify;\">En particular, cuando se trate de una etiqueta o certificaci\u00f3n deben describirse aquellos requisitos requeridos para su obtenci\u00f3n que se relacionen con el objeto de la contrataci\u00f3n, mencionando la certificaci\u00f3n o etiqueta junto a la expresi\u00f3n \u201co su equivalente&quot;.<\/p>\n      <\/div>\n   <\/div>\n   <blockquote style=\"margin: 0px 0px 0px 40px; border: none; padding: 0px;\">\n      <div>\n         <div>\n            <p style=\"text-align: justify;\"> \n               <em>Ejemplo: <\/em><\/p>\n         <\/div>\n      <\/div>\n   <\/blockquote>\n   <div>\n      <div>\n         <p style=\"text-align: justify;\"> \n            <em>Artefacto electr\u00f3nico de consumo energ\u00e9tico eficiente con certificaci\u00f3n Energy Star o equivalente que describa, \u201cdeber\u00e1 dar cumplimiento a las exigencias de programas voluntarios de etiquetado para la eficiencia energ\u00e9tica como Energy Star o similares, acreditando tal circunstancia con la documentaci\u00f3n pertinente, y portando cada uno de los productos la etiqueta correspondiente&quot;.<\/em><\/p>\n         <p style=\"text-align: justify;\">En el caso de artefactos cuya certificaci\u00f3n de eficiencia energ\u00e9tica sea legalmente obligatoria, y en consecuencia exigible en todos los casos, deber\u00e1n acreditar su cumplimiento, acompa\u00f1\u00e1ndolos de la etiqueta correspondiente destinada a informar sobre el rendimiento o eficiencia energ\u00e9tica del artefacto, la emisi\u00f3n de ruido y dem\u00e1s caracter\u00edsticas asociadas, seg\u00fan lo previsto por la normativa espec\u00edfica vigente en la materia. En todos los casos deber\u00e1n respetar los est\u00e1ndares energ\u00e9ticos m\u00ednimos exigidos por la normativa vigente.<\/p>\n         <ul style=\"text-align: justify;\">\n            <li> \n               <strong>Mencionar preferencias sostenibles que no se valoraran al momento de la adjudicaci\u00f3n o que no se especifica c\u00f3mo se valoraran\u200b<\/strong><\/li>\n         <\/ul> \n         <span style=\"text-align: justify;\">\u200bDeber\u00edan mencionarse s\u00f3lo aquellos criterios sostenibles que se valoraran al momento de adjudicar y hacerlo de forma clara, precisa y objetiva de modo de evitar discrecionalidad o limitaciones injustificadas a la participaci\u00f3n.<\/span><\/div>\n      <div> \n         <br\/> \n      <\/div>\n      <div> \n         <span style=\"text-align: justify;\"><\/span>Implementar CPS es un \n         <span lang=\"ES-AR\" style=\"text-decoration-line: underline;\">proceso<\/span> que requiere un cambio cultural en la concepci\u00f3n de valor de las ofertas, hasta ahora enfocada solo en la consideraci\u00f3n del precio m\u00e1s bajo, para empezar a incorporar, adem\u00e1s, el costo o valor real y potencial. As\u00ed, las CPS incorporan una mirada estrat\u00e9gica a las decisiones de compras p\u00fablicas, con foco en la agregaci\u00f3n de valor.&#160; Para esto, es necesario &#8211; en paralelo a la incorporaci\u00f3n de criterios en los pliegos &#8211; continuar introduciendo mejoras en respecto de la disponibilidad de informaci\u00f3n sobre evaluaci\u00f3n de costos de ciclo de vida y beneficios ambientales, sociales, econ\u00f3micos y financieros para la Administraci\u00f3n y la comunidad. \n         <p> \n            <br\/> \n         <\/p> \n         <br\/> \n      <\/div>\n      <div> \n         <br\/> \n      <\/div>\n      <p> \u200b<br\/> <\/p>\n   <\/div>\n<\/div>\n","protected":false},"excerpt":{"rendered":"\u200bV.-MEDIR, DOCUMENTAR Y COMPARTIR BUENAS PR\u00c1CTICAS. a. Publicar, usar y mejorar datos b. A considerar: Algunos errores frecuentes V.-MEDIR, DOCUMENTAR Y COMPARTIR BUENAS PR\u00c1CTICAS. a. Publicar, usar y mejorar datos Contar con un programa de datos abiertos facilita el an\u00e1lisis de agregaci\u00f3n de valor sobre el dinero invertido y permite tomar mejores decisiones. En otras [&hellip;]","protected":false},"author":8,"featured_media":0,"parent":3366,"menu_order":7,"comment_status":"closed","ping_status":"closed","template":"","meta":{"footnotes":""},"class_list":["post-3444","page","type-page","status-publish","hentry"],"_links":{"self":[{"href":"https:\/\/www.contrataciones.gov.py\/dncp\/wp-json\/wp\/v2\/pages\/3444","targetHints":{"allow":["GET"]}}],"collection":[{"href":"https:\/\/www.contrataciones.gov.py\/dncp\/wp-json\/wp\/v2\/pages"}],"about":[{"href":"https:\/\/www.contrataciones.gov.py\/dncp\/wp-json\/wp\/v2\/types\/page"}],"author":[{"embeddable":true,"href":"https:\/\/www.contrataciones.gov.py\/dncp\/wp-json\/wp\/v2\/users\/8"}],"replies":[{"embeddable":true,"href":"https:\/\/www.contrataciones.gov.py\/dncp\/wp-json\/wp\/v2\/comments?post=3444"}],"version-history":[{"count":2,"href":"https:\/\/www.contrataciones.gov.py\/dncp\/wp-json\/wp\/v2\/pages\/3444\/revisions"}],"predecessor-version":[{"id":3471,"href":"https:\/\/www.contrataciones.gov.py\/dncp\/wp-json\/wp\/v2\/pages\/3444\/revisions\/3471"}],"up":[{"embeddable":true,"href":"https:\/\/www.contrataciones.gov.py\/dncp\/wp-json\/wp\/v2\/pages\/3366"}],"wp:attachment":[{"href":"https:\/\/www.contrataciones.gov.py\/dncp\/wp-json\/wp\/v2\/media?parent=3444"}],"curies":[{"name":"wp","href":"https:\/\/api.w.org\/{rel}","templated":true}]}}