{"id":422,"date":"2023-04-24T10:23:32","date_gmt":"2023-04-24T14:23:32","guid":{"rendered":"https:\/\/www.contrataciones.gov.py\/dncp\/?page_id=422"},"modified":"2026-03-11T08:36:53","modified_gmt":"2026-03-11T11:36:53","slug":"rendicion-de-cuentas-al-ciudadano","status":"publish","type":"page","link":"https:\/\/www.contrataciones.gov.py\/dncp\/transparencia-informativa\/rendicion-de-cuentas-al-ciudadano\/","title":{"rendered":"Rendici\u00f3n de Cuentas al Ciudadano"},"content":{"rendered":"\n<p>El nuevo modelo de rendici\u00f3n de cuentas se desarrolla en base a la metodolog\u00eda establecida en el manual aprobado por el Decreto N\u00ba 2991\/19, que encarga a las autoridades de las instituciones del Poder Ejecutivo, a impulsar actividades de rendici\u00f3n sobre su gesti\u00f3n, dirigidos al sujeto destinatario del servicio (el ciudadano), de forma sencilla, amigable y en forma constante, motivando su colaboraci\u00f3n en los procesos de toma de decisiones. La Secretar\u00eda Nacional Anticorrupci\u00f3n es la instituci\u00f3n encargada de reglamentar y supervisar los procedimientos a fin promover el cumplimiento efectivo de las acciones de rendici\u00f3n orientadas al ciudadano<\/p>\n\n\n\n<p>La Direcci\u00f3n Nacional de Contrataciones P\u00fablicas ha constituido el Comit\u00e9 de Rendici\u00f3n de Cuentas al Ciudadano (CRCC) por Resoluci\u00f3n DNCP N\u00b0 523\/23, con la misi\u00f3n de elaborar el plan de rendici\u00f3n de cuentas institucional y gestionar los mecanismos necesarios para dar avances al mismo, con la colaboraci\u00f3n activa y coordinada de todos sus miembros.<\/p>\n\n\n\n<p>El CRCC tiene el encargo de elaborar informes parciales peri\u00f3dicos y un informe final, con sus respetivas evidencias, que se ponen a disposici\u00f3n de la ciudadan\u00eda para el libre acceso y control.<\/p>\n\n\n\n<p><\/p>\n\n\n\n<p><\/p>\n\n\n\n\n\r\n<div class=\"table-responsive\">\r\n<table class=\"table table-striped table-bordered table-hover\">\r\n\t<thead>\r\n\t  <tr>\r\n\t\t<th>Descripci\u00f3n<\/th>\r\n\t\t<th class=\"text-center\">Descarga<\/th>\r\n\t  <\/tr>\r\n\t<\/thead>\r\n\t<tbody>\r\n\t\t\t\t\t<tr>\r\n\t\t\t\t<td>Rendicion de Cuentas DNCP Enero a Marzo 2026<\/td>\r\n\t\t\t\t<td class=\"center\"><p class=\"text-center\"><a target=\"blank\" href=\"https:\/\/www.contrataciones.gov.py\/t\/download\/InstitucionalTransparencia\/2719\"><i class=\"fa fa-download\"><\/i><\/a><\/p><\/td>\r\n\t\t\t\t\t<tr>\r\n\t\t\t\t<td>PLAN ANUAL DE RENDICI\u00d3N DE CUENTAS AL CIUDADANO DNCP 2026<\/td>\r\n\t\t\t\t<td class=\"center\"><p class=\"text-center\"><a target=\"blank\" href=\"https:\/\/www.contrataciones.gov.py\/t\/download\/InstitucionalTransparencia\/2674\"><i class=\"fa fa-download\"><\/i><\/a><\/p><\/td>\r\n\t\t\t\t\t<tr>\r\n\t\t\t\t<td>Informe Final de Rendicion de Cuentas al Ciudadano DNCP2025<\/td>\r\n\t\t\t\t<td class=\"center\"><p class=\"text-center\"><a target=\"blank\" href=\"https:\/\/www.contrataciones.gov.py\/t\/download\/InstitucionalTransparencia\/2642\"><i class=\"fa fa-download\"><\/i><\/a><\/p><\/td>\r\n\t\t\t\t\t<tr>\r\n\t\t\t\t<td>Rendicion de Cuentas DNCP Julio a Septiembre 2025<\/td>\r\n\t\t\t\t<td class=\"center\"><p class=\"text-center\"><a target=\"blank\" href=\"https:\/\/www.contrataciones.gov.py\/t\/download\/InstitucionalTransparencia\/2580\"><i class=\"fa fa-download\"><\/i><\/a><\/p><\/td>\r\n\t\t\t\t\t<tr>\r\n\t\t\t\t<td>Rendicion de Cuentas DNCP Abril a Junio 2025<\/td>\r\n\t\t\t\t<td class=\"center\"><p class=\"text-center\"><a target=\"blank\" href=\"https:\/\/www.contrataciones.gov.py\/t\/download\/InstitucionalTransparencia\/2515\"><i class=\"fa fa-download\"><\/i><\/a><\/p><\/td>\r\n\t\t\t\t\t<tr>\r\n\t\t\t\t<td>Rendicion de Cuentas DNCP Enero a Marzo 2025<\/td>\r\n\t\t\t\t<td class=\"center\"><p class=\"text-center\"><a target=\"blank\" href=\"https:\/\/www.contrataciones.gov.py\/t\/download\/InstitucionalTransparencia\/2482\"><i class=\"fa fa-download\"><\/i><\/a><\/p><\/td>\r\n\t\t\t\t\t<tr>\r\n\t\t\t\t<td>PLAN ANUAL DE RENDICION DE CUENTAS AL CIUDADANO DNCP2025<\/td>\r\n\t\t\t\t<td class=\"center\"><p class=\"text-center\"><a target=\"blank\" href=\"https:\/\/www.contrataciones.gov.py\/t\/download\/InstitucionalTransparencia\/2401\"><i class=\"fa fa-download\"><\/i><\/a><\/p><\/td>\r\n\t\t\t\t\t<tr>\r\n\t\t\t\t<td>Informe Final de Rendicion de Cuentas al Ciudadano DNCP2024<\/td>\r\n\t\t\t\t<td class=\"center\"><p class=\"text-center\"><a target=\"blank\" href=\"https:\/\/www.contrataciones.gov.py\/t\/download\/InstitucionalTransparencia\/2358\"><i class=\"fa fa-download\"><\/i><\/a><\/p><\/td>\r\n\t\t\t\t\t<tr>\r\n\t\t\t\t<td>Rendicion de Cuentas DNCP Julio a Septiembre 2024<\/td>\r\n\t\t\t\t<td class=\"center\"><p class=\"text-center\"><a target=\"blank\" href=\"https:\/\/www.contrataciones.gov.py\/t\/download\/InstitucionalTransparencia\/2277\"><i class=\"fa fa-download\"><\/i><\/a><\/p><\/td>\r\n\t\t\t\t\t<tr>\r\n\t\t\t\t<td>Rendicion de Cuentas DNCP Abril a Junio 2024<\/td>\r\n\t\t\t\t<td class=\"center\"><p class=\"text-center\"><a target=\"blank\" href=\"https:\/\/www.contrataciones.gov.py\/t\/download\/InstitucionalTransparencia\/2186\"><i class=\"fa fa-download\"><\/i><\/a><\/p><\/td>\r\n\t\t\t\t\t<tr>\r\n\t\t\t\t<td>Rendicion de Cuentas DNCP Enero a Marzo 2024<\/td>\r\n\t\t\t\t<td class=\"center\"><p class=\"text-center\"><a target=\"blank\" href=\"https:\/\/www.contrataciones.gov.py\/t\/download\/InstitucionalTransparencia\/2021\"><i class=\"fa fa-download\"><\/i><\/a><\/p><\/td>\r\n\t\t\t\t\t<tr>\r\n\t\t\t\t<td>PLAN ANUAL DE RENDICION DE CUENTAS AL CIUDADANO DNCP2024<\/td>\r\n\t\t\t\t<td class=\"center\"><p class=\"text-center\"><a target=\"blank\" href=\"https:\/\/www.contrataciones.gov.py\/t\/download\/InstitucionalTransparencia\/1965\"><i class=\"fa fa-download\"><\/i><\/a><\/p><\/td>\r\n\t\t\t\t\t<tr>\r\n\t\t\t\t<td>Informe Final de Rendicion de Cuentas al Ciudadano DNCP2023<\/td>\r\n\t\t\t\t<td class=\"center\"><p class=\"text-center\"><a target=\"blank\" href=\"https:\/\/www.contrataciones.gov.py\/t\/download\/InstitucionalTransparencia\/1945\"><i class=\"fa fa-download\"><\/i><\/a><\/p><\/td>\r\n\t\t\t\t\t<tr>\r\n\t\t\t\t<td>Rendicion de Cuentas DNCP Julio a Septiembre 2023<\/td>\r\n\t\t\t\t<td class=\"center\"><p class=\"text-center\"><a target=\"blank\" href=\"https:\/\/www.contrataciones.gov.py\/t\/download\/InstitucionalTransparencia\/1863\"><i class=\"fa fa-download\"><\/i><\/a><\/p><\/td>\r\n\t\t\t\t\t<tr>\r\n\t\t\t\t<td>Rendicion de Cuentas DNCP Abril a Junio 2023<\/td>\r\n\t\t\t\t<td class=\"center\"><p class=\"text-center\"><a target=\"blank\" href=\"https:\/\/www.contrataciones.gov.py\/t\/download\/InstitucionalTransparencia\/1784\"><i class=\"fa fa-download\"><\/i><\/a><\/p><\/td>\r\n\t\t\t\t\t<tr>\r\n\t\t\t\t<td>Rendicion de Cuentas DNCP Enero a Marzo 2023<\/td>\r\n\t\t\t\t<td class=\"center\"><p class=\"text-center\"><a target=\"blank\" href=\"https:\/\/www.contrataciones.gov.py\/t\/download\/InstitucionalTransparencia\/1729\"><i class=\"fa fa-download\"><\/i><\/a><\/p><\/td>\r\n\t\t\t\t\t<tr>\r\n\t\t\t\t<td>PLAN ANUAL DE RENDICION DE CUENTAS AL CIUDADANO DNCP2023<\/td>\r\n\t\t\t\t<td class=\"center\"><p class=\"text-center\"><a target=\"blank\" href=\"https:\/\/www.contrataciones.gov.py\/t\/download\/InstitucionalTransparencia\/1691\"><i class=\"fa fa-download\"><\/i><\/a><\/p><\/td>\r\n\t\t\t\t\t<tr>\r\n\t\t\t\t<td>RESOLUCION DE APROBACION PLAN ANUAL DE RENDICION DE CUENTAS AL CIUDADANO_DNCP2023<\/td>\r\n\t\t\t\t<td class=\"center\"><p class=\"text-center\"><a target=\"blank\" href=\"https:\/\/www.contrataciones.gov.py\/t\/download\/InstitucionalTransparencia\/1690\"><i class=\"fa fa-download\"><\/i><\/a><\/p><\/td>\r\n\t\t\t\t\t<tr>\r\n\t\t\t\t<td>Informe Final de Rendicion de Cuentas al Ciudadano DNCP2022<\/td>\r\n\t\t\t\t<td class=\"center\"><p class=\"text-center\"><a target=\"blank\" href=\"https:\/\/www.contrataciones.gov.py\/t\/download\/InstitucionalTransparencia\/1663\"><i class=\"fa fa-download\"><\/i><\/a><\/p><\/td>\r\n\t\t\t\t\t<tr>\r\n\t\t\t\t<td>Rendicion de Cuentas DNCP Julio a Septiembre 2022<\/td>\r\n\t\t\t\t<td class=\"center\"><p class=\"text-center\"><a target=\"blank\" href=\"https:\/\/www.contrataciones.gov.py\/t\/download\/InstitucionalTransparencia\/1576\"><i class=\"fa fa-download\"><\/i><\/a><\/p><\/td>\r\n\t\t\t\t\t<tr>\r\n\t\t\t\t<td>Rendicion de Cuentas DNCP Abril a Junio 2022<\/td>\r\n\t\t\t\t<td class=\"center\"><p class=\"text-center\"><a target=\"blank\" href=\"https:\/\/www.contrataciones.gov.py\/t\/download\/InstitucionalTransparencia\/1357\"><i class=\"fa fa-download\"><\/i><\/a><\/p><\/td>\r\n\t\t\t\t\t<tr>\r\n\t\t\t\t<td>Rendicion de Cuentas DNCP Enero a Marzo 2022<\/td>\r\n\t\t\t\t<td class=\"center\"><p class=\"text-center\"><a target=\"blank\" href=\"https:\/\/www.contrataciones.gov.py\/t\/download\/InstitucionalTransparencia\/1324\"><i class=\"fa fa-download\"><\/i><\/a><\/p><\/td>\r\n\t\t\t\t\t<tr>\r\n\t\t\t\t<td>PLAN ANUAL DE RENDICION DE CUENTAS AL CIUDADANO DNCP2022<\/td>\r\n\t\t\t\t<td class=\"center\"><p class=\"text-center\"><a target=\"blank\" href=\"https:\/\/www.contrataciones.gov.py\/t\/download\/InstitucionalTransparencia\/1311\"><i class=\"fa fa-download\"><\/i><\/a><\/p><\/td>\r\n\t\t\t\t\t<tr>\r\n\t\t\t\t<td>PRIORIZACION TEMATICA PLAN DE RENDICION DE CUENTAS AL CIUDADANO DNCP2022<\/td>\r\n\t\t\t\t<td class=\"center\"><p class=\"text-center\"><a target=\"blank\" href=\"https:\/\/www.contrataciones.gov.py\/t\/download\/InstitucionalTransparencia\/1310\"><i class=\"fa fa-download\"><\/i><\/a><\/p><\/td>\r\n\t\t\t\t\t<tr>\r\n\t\t\t\t<td>RESOLUCION DE APROBACION PLAN ANUAL DE RENDICION DE CUENTAS AL CIUDADANO_DNCP2022<\/td>\r\n\t\t\t\t<td class=\"center\"><p class=\"text-center\"><a target=\"blank\" href=\"https:\/\/www.contrataciones.gov.py\/t\/download\/InstitucionalTransparencia\/1298\"><i class=\"fa fa-download\"><\/i><\/a><\/p><\/td>\r\n\t\t\t\t\t<tr>\r\n\t\t\t\t<td>\u00daLTIMO INFORME DE RENDICI\u00d3N DE CUENTAS 2021<\/td>\r\n\t\t\t\t<td class=\"center\"><p class=\"text-center\"><a target=\"blank\" href=\"https:\/\/www.contrataciones.gov.py\/t\/download\/InstitucionalTransparencia\/1267\"><i class=\"fa fa-download\"><\/i><\/a><\/p><\/td>\r\n\t\t\t\t\t<tr>\r\n\t\t\t\t<td>Rendici\u00f3n de Cuentas DNCP Julio a Septiembre 2021<\/td>\r\n\t\t\t\t<td class=\"center\"><p class=\"text-center\"><a target=\"blank\" href=\"https:\/\/www.contrataciones.gov.py\/t\/download\/InstitucionalTransparencia\/1233\"><i class=\"fa fa-download\"><\/i><\/a><\/p><\/td>\r\n\t\t\t\t\t<tr>\r\n\t\t\t\t<td>Rendici\u00f3n de Cuentas DNCP Abril a Junio 2021<\/td>\r\n\t\t\t\t<td class=\"center\"><p class=\"text-center\"><a target=\"blank\" href=\"https:\/\/www.contrataciones.gov.py\/t\/download\/InstitucionalTransparencia\/1185\"><i class=\"fa fa-download\"><\/i><\/a><\/p><\/td>\r\n\t\t\t\t\t<tr>\r\n\t\t\t\t<td>Rendici\u00f3n de Cuentas DNCP Enero a Marzo 2021<\/td>\r\n\t\t\t\t<td class=\"center\"><p class=\"text-center\"><a target=\"blank\" href=\"https:\/\/www.contrataciones.gov.py\/t\/download\/InstitucionalTransparencia\/1159\"><i class=\"fa fa-download\"><\/i><\/a><\/p><\/td>\r\n\t\t\t\t\t<tr>\r\n\t\t\t\t<td>MATRIZ PLAN ANUAL DE RENDICI\u00d3N DE CUENTAS AL CIUDADANO 2021<\/td>\r\n\t\t\t\t<td class=\"center\"><p class=\"text-center\"><a target=\"blank\" href=\"https:\/\/www.contrataciones.gov.py\/t\/download\/InstitucionalTransparencia\/1128\"><i class=\"fa fa-download\"><\/i><\/a><\/p><\/td>\r\n\t\t\t\t\t<tr>\r\n\t\t\t\t<td>RESOLUCI\u00d3N APROBACI\u00d3N PLAN ANUAL DE RENDICI\u00d3N DE CUENTAS AL CIUDADANO 2021<\/td>\r\n\t\t\t\t<td class=\"center\"><p class=\"text-center\"><a target=\"blank\" href=\"https:\/\/www.contrataciones.gov.py\/t\/download\/InstitucionalTransparencia\/1127\"><i class=\"fa fa-download\"><\/i><\/a><\/p><\/td>\r\n\t\t\t\t\t<tr>\r\n\t\t\t\t<td>Rendici\u00f3n de Cuentas DNCP octubre a diciembre 2020<\/td>\r\n\t\t\t\t<td class=\"center\"><p class=\"text-center\"><a target=\"blank\" href=\"https:\/\/www.contrataciones.gov.py\/t\/download\/InstitucionalTransparencia\/1107\"><i class=\"fa fa-download\"><\/i><\/a><\/p><\/td>\r\n\t\t\t\t\t<tr>\r\n\t\t\t\t<td>Rendici\u00f3n de Cuentas DNCP Julio a Septiembre 2020<\/td>\r\n\t\t\t\t<td class=\"center\"><p class=\"text-center\"><a target=\"blank\" href=\"https:\/\/www.contrataciones.gov.py\/t\/download\/InstitucionalTransparencia\/1054\"><i class=\"fa fa-download\"><\/i><\/a><\/p><\/td>\r\n\t\t\t\t\t<tr>\r\n\t\t\t\t<td>Rendici\u00f3n de Cuentas DNCP - Primer Semestre a\u00f1o 2020<\/td>\r\n\t\t\t\t<td class=\"center\"><p class=\"text-center\"><a target=\"blank\" href=\"https:\/\/www.contrataciones.gov.py\/t\/download\/InstitucionalTransparencia\/1000\"><i class=\"fa fa-download\"><\/i><\/a><\/p><\/td>\r\n\t\t\t<\/tbody>\r\n<\/table>\n\n\n","protected":false},"excerpt":{"rendered":"El nuevo modelo de rendici\u00f3n de cuentas se desarrolla en base a la metodolog\u00eda establecida en el manual aprobado por el Decreto N\u00ba 2991\/19, que encarga a las autoridades de las instituciones del Poder Ejecutivo, a impulsar actividades de rendici\u00f3n sobre su gesti\u00f3n, dirigidos al sujeto destinatario del servicio (el ciudadano), de forma sencilla, amigable [&hellip;]","protected":false},"author":13,"featured_media":0,"parent":76,"menu_order":6,"comment_status":"closed","ping_status":"closed","template":"","meta":{"footnotes":""},"class_list":["post-422","page","type-page","status-publish","hentry"],"_links":{"self":[{"href":"https:\/\/www.contrataciones.gov.py\/dncp\/wp-json\/wp\/v2\/pages\/422","targetHints":{"allow":["GET"]}}],"collection":[{"href":"https:\/\/www.contrataciones.gov.py\/dncp\/wp-json\/wp\/v2\/pages"}],"about":[{"href":"https:\/\/www.contrataciones.gov.py\/dncp\/wp-json\/wp\/v2\/types\/page"}],"author":[{"embeddable":true,"href":"https:\/\/www.contrataciones.gov.py\/dncp\/wp-json\/wp\/v2\/users\/13"}],"replies":[{"embeddable":true,"href":"https:\/\/www.contrataciones.gov.py\/dncp\/wp-json\/wp\/v2\/comments?post=422"}],"version-history":[{"count":5,"href":"https:\/\/www.contrataciones.gov.py\/dncp\/wp-json\/wp\/v2\/pages\/422\/revisions"}],"predecessor-version":[{"id":10767,"href":"https:\/\/www.contrataciones.gov.py\/dncp\/wp-json\/wp\/v2\/pages\/422\/revisions\/10767"}],"up":[{"embeddable":true,"href":"https:\/\/www.contrataciones.gov.py\/dncp\/wp-json\/wp\/v2\/pages\/76"}],"wp:attachment":[{"href":"https:\/\/www.contrataciones.gov.py\/dncp\/wp-json\/wp\/v2\/media?parent=422"}],"curies":[{"name":"wp","href":"https:\/\/api.w.org\/{rel}","templated":true}]}}