{"id":5038,"date":"2023-10-16T17:24:32","date_gmt":"2023-10-16T20:24:32","guid":{"rendered":"https:\/\/www.contrataciones.gov.py\/dncp\/?page_id=5038"},"modified":"2025-07-21T10:18:46","modified_gmt":"2025-07-21T13:18:46","slug":"requisitos-documentales","status":"publish","type":"page","link":"https:\/\/www.contrataciones.gov.py\/dncp\/guia-para-el-registro-de-proveedores\/requisitos-documentales\/","title":{"rendered":"Requisitos Documentales para Proveedores"},"content":{"rendered":"\n<figure class=\"wp-block-image size-full\"><img loading=\"lazy\" decoding=\"async\" width=\"1920\" height=\"406\" src=\"https:\/\/www.contrataciones.gov.py\/dncp\/wp-content\/uploads\/2025\/03\/Requisitos-documentales.jpg\" alt=\"\" class=\"wp-image-16908\" srcset=\"https:\/\/www.contrataciones.gov.py\/dncp\/wp-content\/uploads\/2025\/03\/Requisitos-documentales.jpg 1920w, https:\/\/www.contrataciones.gov.py\/dncp\/wp-content\/uploads\/2025\/03\/Requisitos-documentales-300x63.jpg 300w, https:\/\/www.contrataciones.gov.py\/dncp\/wp-content\/uploads\/2025\/03\/Requisitos-documentales-1024x217.jpg 1024w, https:\/\/www.contrataciones.gov.py\/dncp\/wp-content\/uploads\/2025\/03\/Requisitos-documentales-768x162.jpg 768w, https:\/\/www.contrataciones.gov.py\/dncp\/wp-content\/uploads\/2025\/03\/Requisitos-documentales-1536x325.jpg 1536w\" sizes=\"auto, (max-width: 1920px) 100vw, 1920px\" \/><\/figure>\n\n\n\n<p><strong>REQUISITOS DOCUMENTALES A SER PRESENTADOS EN EL REGISTRO DE PROVEEDORES<\/strong><\/p>\n\n\n\n<figure class=\"wp-block-table is-style-stripes\"><table><tbody><tr><td class=\"has-text-align-left\" data-align=\"left\">Persona f\u00edsica nacional o extranjera<\/td><td class=\"has-text-align-left\" data-align=\"left\"><a href=\"https:\/\/www.contrataciones.gov.py\/dncp\/wp-content\/uploads\/2024\/11\/REQUISITOS-PERSONA-FISICA-NACIONAL-O-EXTRANJERA.docx\" data-type=\"link\" data-id=\"https:\/\/www.contrataciones.gov.py\/dncp\/wp-content\/uploads\/2023\/10\/guia_requisitos_proveedores_persona_fisica_nacional_extranjera-1.docx\"><strong>Descargue aqu\u00ed<\/strong><\/a><\/td><\/tr><tr><td class=\"has-text-align-left\" data-align=\"left\">Persona jur\u00eddica nacional o extranjera<\/td><td class=\"has-text-align-left\" data-align=\"left\"><a href=\"https:\/\/www.contrataciones.gov.py\/dncp\/wp-content\/uploads\/2024\/11\/REQUISITOS-PERSONA-JURIDICA-NACIONAL-O-EXTRANJERA.docx\" data-type=\"link\" data-id=\"https:\/\/www.contrataciones.gov.py\/dncp\/wp-content\/uploads\/2023\/10\/guia_requisitos_proveedores_persona_juridica_nacional_extranjera.docx\"><strong>Descargue aqu\u00ed<\/strong><\/a><\/td><\/tr><tr><td class=\"has-text-align-left\" data-align=\"left\">Formulario de declaraci\u00f3n de personas*<\/td><td class=\"has-text-align-left\" data-align=\"left\"><a href=\"https:\/\/www.contrataciones.gov.py\/dncp\/wp-content\/uploads\/2025\/02\/Formulario-de-Declaracion-de-Personas_-para-SICP-OK.docx\"><strong>Descargue aqu\u00ed<\/strong><\/a><\/td><\/tr><\/tbody><\/table><\/figure>\n\n\n\n<p>*Este documento debe ser cargado digitalmente para la inscripci\u00f3n al Registro.<\/p>\n\n\n\n<p><\/p>\n","protected":false},"excerpt":{"rendered":"REQUISITOS DOCUMENTALES A SER PRESENTADOS EN EL REGISTRO DE PROVEEDORES Persona f\u00edsica nacional o extranjeraDescargue aqu\u00edPersona jur\u00eddica nacional o extranjeraDescargue aqu\u00edFormulario de declaraci\u00f3n de personas*Descargue aqu\u00ed *Este documento debe ser cargado digitalmente para la inscripci\u00f3n al Registro.","protected":false},"author":18,"featured_media":0,"parent":4918,"menu_order":6,"comment_status":"closed","ping_status":"closed","template":"","meta":{"footnotes":""},"class_list":["post-5038","page","type-page","status-publish","hentry"],"_links":{"self":[{"href":"https:\/\/www.contrataciones.gov.py\/dncp\/wp-json\/wp\/v2\/pages\/5038","targetHints":{"allow":["GET"]}}],"collection":[{"href":"https:\/\/www.contrataciones.gov.py\/dncp\/wp-json\/wp\/v2\/pages"}],"about":[{"href":"https:\/\/www.contrataciones.gov.py\/dncp\/wp-json\/wp\/v2\/types\/page"}],"author":[{"embeddable":true,"href":"https:\/\/www.contrataciones.gov.py\/dncp\/wp-json\/wp\/v2\/users\/18"}],"replies":[{"embeddable":true,"href":"https:\/\/www.contrataciones.gov.py\/dncp\/wp-json\/wp\/v2\/comments?post=5038"}],"version-history":[{"count":22,"href":"https:\/\/www.contrataciones.gov.py\/dncp\/wp-json\/wp\/v2\/pages\/5038\/revisions"}],"predecessor-version":[{"id":16912,"href":"https:\/\/www.contrataciones.gov.py\/dncp\/wp-json\/wp\/v2\/pages\/5038\/revisions\/16912"}],"up":[{"embeddable":true,"href":"https:\/\/www.contrataciones.gov.py\/dncp\/wp-json\/wp\/v2\/pages\/4918"}],"wp:attachment":[{"href":"https:\/\/www.contrataciones.gov.py\/dncp\/wp-json\/wp\/v2\/media?parent=5038"}],"curies":[{"name":"wp","href":"https:\/\/api.w.org\/{rel}","templated":true}]}}