{"id":568,"date":"2023-04-25T10:34:25","date_gmt":"2023-04-25T14:34:25","guid":{"rendered":"https:\/\/www.contrataciones.gov.py\/dncp\/?page_id=568"},"modified":"2025-03-11T11:45:55","modified_gmt":"2025-03-11T14:45:55","slug":"normas-vinculadas","status":"publish","type":"page","link":"https:\/\/www.contrataciones.gov.py\/dncp\/subasta-a-la-baja-electronica\/normas-vinculadas\/","title":{"rendered":"Normas Vinculadas"},"content":{"rendered":"\n<figure class=\"wp-block-image size-full\"><img loading=\"lazy\" decoding=\"async\" width=\"1921\" height=\"406\" src=\"https:\/\/www.contrataciones.gov.py\/dncp\/wp-content\/uploads\/2024\/12\/actualizacion-de-usuarios-de-Unidades-de-Contratacion_WEB-17.jpg\" alt=\"\" class=\"wp-image-13015\" srcset=\"https:\/\/www.contrataciones.gov.py\/dncp\/wp-content\/uploads\/2024\/12\/actualizacion-de-usuarios-de-Unidades-de-Contratacion_WEB-17.jpg 1921w, https:\/\/www.contrataciones.gov.py\/dncp\/wp-content\/uploads\/2024\/12\/actualizacion-de-usuarios-de-Unidades-de-Contratacion_WEB-17-300x63.jpg 300w, https:\/\/www.contrataciones.gov.py\/dncp\/wp-content\/uploads\/2024\/12\/actualizacion-de-usuarios-de-Unidades-de-Contratacion_WEB-17-1024x216.jpg 1024w, https:\/\/www.contrataciones.gov.py\/dncp\/wp-content\/uploads\/2024\/12\/actualizacion-de-usuarios-de-Unidades-de-Contratacion_WEB-17-768x162.jpg 768w, https:\/\/www.contrataciones.gov.py\/dncp\/wp-content\/uploads\/2024\/12\/actualizacion-de-usuarios-de-Unidades-de-Contratacion_WEB-17-1536x325.jpg 1536w\" sizes=\"auto, (max-width: 1921px) 100vw, 1921px\" \/><\/figure>\n\n\n\n<h4 class=\"wp-block-heading\">Normas Vinculadas<\/h4>\n\n\n\n<div class=\"table-responsive\">\n<table class=\"table table-striped table-bordered table-hover\">\n\t<thead>\n\t  <tr>\n\t\t<th>Descripci\u00f3n<\/th>\n\t\t<th class=\"text-center\">Descarga<\/th>\n\t  <\/tr>\n\t<\/thead>\n\t<tbody>\n\t\t\t<tr>\n\t\t\t\t<td><p>RESOLUCI\u00d3N DE LA DNCP 230\/25 &#8211; COMUNICACI\u00d3N Y DIFUSI\u00d3N DE LOS PROCEDIMIENTOS DE CONTRATACI\u00d3N.<br><sub>Por la cual se reglamentan los procedimientos de contrataci\u00f3n regidos por la Ley N\u00b0 7021\/22 \u00abDe Suministro y Contrataciones P\u00fablicas\u00bb.<\/sub><\/p><\/td>\n\t\t\t\t<td class=\"center\"><p class=\"text-center\"><a target=\"blank\" href=\"https:\/\/www.contrataciones.gov.py\/documentos\/download\/marco-legal\/66206\" rel=\"noopener\"><i class=\"fa fa-download\"><\/i><\/a><\/p><\/td><\/tr>\n\n<tr>\n\t\t\t\t<td><p>RESOLUCI\u00d3N DE LA DNCP 232\/25 &#8211; REGULACI\u00d3N DE LA UTILIZACI\u00d3N DEL M\u00d3DULO DE OFERTAS ELECTR\u00d3NICAS EN LOS PROCEDIMIENTOS DE CONTRATACI\u00d3N REGIDOS POR LA LEY N\u00b0 7021\/22.<br><sub>Por la cual se regula la utilizaci\u00f3n del M\u00f3dulo de Ofertas Electr\u00f3nicas en los Procedimientos de Contrataci\u00f3n regidos por la Ley N\u00b0 7021\/22.<\/sub><\/p><\/td>\n\t\t\t\t<td class=\"center\"><p class=\"text-center\"><a target=\"blank\" href=\"https:\/\/www.contrataciones.gov.py\/documentos\/download\/marco-legal\/66208\" rel=\"noopener\"><i class=\"fa fa-download\"><\/i><\/a><\/p><\/td><\/tr>\t<\/tbody>\n<\/table>\n<\/div>\n","protected":false},"excerpt":{"rendered":"Normas Vinculadas Descripci\u00f3n Descarga RESOLUCI\u00d3N DE LA DNCP 230\/25 &#8211; COMUNICACI\u00d3N Y DIFUSI\u00d3N DE LOS PROCEDIMIENTOS DE CONTRATACI\u00d3N.Por la cual se reglamentan los procedimientos de contrataci\u00f3n regidos por la Ley N\u00b0 7021\/22 \u00abDe Suministro y Contrataciones P\u00fablicas\u00bb. RESOLUCI\u00d3N DE LA DNCP 232\/25 &#8211; REGULACI\u00d3N DE LA UTILIZACI\u00d3N DEL M\u00d3DULO DE OFERTAS ELECTR\u00d3NICAS EN LOS PROCEDIMIENTOS [&hellip;]","protected":false},"author":13,"featured_media":0,"parent":607,"menu_order":2,"comment_status":"closed","ping_status":"closed","template":"","meta":{"footnotes":""},"class_list":["post-568","page","type-page","status-publish","hentry"],"_links":{"self":[{"href":"https:\/\/www.contrataciones.gov.py\/dncp\/wp-json\/wp\/v2\/pages\/568","targetHints":{"allow":["GET"]}}],"collection":[{"href":"https:\/\/www.contrataciones.gov.py\/dncp\/wp-json\/wp\/v2\/pages"}],"about":[{"href":"https:\/\/www.contrataciones.gov.py\/dncp\/wp-json\/wp\/v2\/types\/page"}],"author":[{"embeddable":true,"href":"https:\/\/www.contrataciones.gov.py\/dncp\/wp-json\/wp\/v2\/users\/13"}],"replies":[{"embeddable":true,"href":"https:\/\/www.contrataciones.gov.py\/dncp\/wp-json\/wp\/v2\/comments?post=568"}],"version-history":[{"count":8,"href":"https:\/\/www.contrataciones.gov.py\/dncp\/wp-json\/wp\/v2\/pages\/568\/revisions"}],"predecessor-version":[{"id":18092,"href":"https:\/\/www.contrataciones.gov.py\/dncp\/wp-json\/wp\/v2\/pages\/568\/revisions\/18092"}],"up":[{"embeddable":true,"href":"https:\/\/www.contrataciones.gov.py\/dncp\/wp-json\/wp\/v2\/pages\/607"}],"wp:attachment":[{"href":"https:\/\/www.contrataciones.gov.py\/dncp\/wp-json\/wp\/v2\/media?parent=568"}],"curies":[{"name":"wp","href":"https:\/\/api.w.org\/{rel}","templated":true}]}}