{"id":613,"date":"2023-04-25T11:51:29","date_gmt":"2023-04-25T15:51:29","guid":{"rendered":"https:\/\/www.contrataciones.gov.py\/dncp\/?page_id=613"},"modified":"2025-03-11T11:54:19","modified_gmt":"2025-03-11T14:54:19","slug":"que-es-la-subasta-a-la-baja-electronica","status":"publish","type":"page","link":"https:\/\/www.contrataciones.gov.py\/dncp\/subasta-a-la-baja-electronica\/que-es-la-subasta-a-la-baja-electronica\/","title":{"rendered":"\u00bfQu\u00e9 es la Subasta a la Baja Electr\u00f3nica?"},"content":{"rendered":"\n<figure class=\"wp-block-image size-full is-resized\"><img loading=\"lazy\" decoding=\"async\" width=\"1921\" height=\"406\" src=\"https:\/\/www.contrataciones.gov.py\/dncp\/wp-content\/uploads\/2024\/12\/actualizacion-de-usuarios-de-Unidades-de-Contratacion_WEB-16.jpg\" alt=\"\" class=\"wp-image-13007\" style=\"width:843px;height:178px\" srcset=\"https:\/\/www.contrataciones.gov.py\/dncp\/wp-content\/uploads\/2024\/12\/actualizacion-de-usuarios-de-Unidades-de-Contratacion_WEB-16.jpg 1921w, https:\/\/www.contrataciones.gov.py\/dncp\/wp-content\/uploads\/2024\/12\/actualizacion-de-usuarios-de-Unidades-de-Contratacion_WEB-16-300x63.jpg 300w, https:\/\/www.contrataciones.gov.py\/dncp\/wp-content\/uploads\/2024\/12\/actualizacion-de-usuarios-de-Unidades-de-Contratacion_WEB-16-1024x216.jpg 1024w, https:\/\/www.contrataciones.gov.py\/dncp\/wp-content\/uploads\/2024\/12\/actualizacion-de-usuarios-de-Unidades-de-Contratacion_WEB-16-768x162.jpg 768w, https:\/\/www.contrataciones.gov.py\/dncp\/wp-content\/uploads\/2024\/12\/actualizacion-de-usuarios-de-Unidades-de-Contratacion_WEB-16-1536x325.jpg 1536w\" sizes=\"auto, (max-width: 1921px) 100vw, 1921px\" \/><\/figure>\n\n\n\n<h4 class=\"wp-block-heading\">\u00bfQu\u00e9 es la Subasta a la Baja Electr\u00f3nica?<\/h4>\n\n\n\n<p>Es un procedimiento de contrataci\u00f3n electr\u00f3nica por la cual se pueden\u00a0adquirir bienes y servicios gen\u00e9ricos, y contratar obras, a trav\u00e9s de una oferta p\u00fablica virtual, donde el postor ganador, es aquel que ofrece el menor precio y cumple con las Especificaciones T\u00e9cnicas y Criterios de Evaluaci\u00f3n de los PBC.<\/p>\n\n\n\n<h4 class=\"wp-block-heading\"><strong>Participaci\u00f3n en la competencia de Subasta.<\/strong><\/h4>\n\n\n\n<p>Los potenciales oferentes que deseen participar en la SBE deber\u00e1n contar previamente con un usuario activo en el Registro de Proveedores para proceder a la carga de sus ofertas, a trav\u00e9s del m\u00f3dulo de oferta electr\u00f3nica, de acuerdo a la normativa vigente.<\/p>\n\n\n\n<p>En todos los casos, los usuarios secundarios deber\u00e1n contar con la asignaci\u00f3n del permiso y la autorizaci\u00f3n respectiva al procedimiento de contrataci\u00f3n, para el efecto.<\/p>\n\n\n\n<h4 class=\"wp-block-heading\"><strong>Carga y Presentaci\u00f3n de ofertas electr\u00f3nicas.<\/strong><\/h4>\n\n\n\n<p>La carga y presentaci\u00f3n de ofertas se regir\u00e1n por las disposiciones de la DNCP que regule la utilizaci\u00f3n del m\u00f3dulo de ofertas electr\u00f3nicas en los procedimientos de contrataci\u00f3n. Las ofertas electr\u00f3nicas podr\u00e1n ser cargadas y presentadas desde la publicaci\u00f3n de la convocatoria hasta la fecha y hora l\u00edmite de presentaci\u00f3n de ofertas electr\u00f3nicas e inicio de la etapa competitiva indicadas en el SICP.<\/p>\n\n\n\n<p>La oferta podr\u00e1 ser modificada o retirada hasta antes de la fecha y hora l\u00edmite de presentaci\u00f3n de ofertas electr\u00f3nicas e inicio de la etapa competitiva.<\/p>\n\n\n\n<h4 class=\"wp-block-heading\"><strong><strong>Fases de la Subasta<\/strong><\/strong><\/h4>\n\n\n\n<p><strong>Lances:&nbsp;<\/strong>Podr\u00e1 extenderse a criterio del subastador hasta un m\u00e1ximo de sesenta (60) minutos. El subastador administrar\u00e1 el sistema. El mismo comunicar\u00e1 a los oferentes la inminencia del inicio de la fase aleatoria a trav\u00e9s del panel de mensajes.<\/p>\n\n\n\n<p><strong>Aleatoria:&nbsp;<\/strong>Los oferentes podr\u00e1n seguir realizando mejoras de precios y su cierre ser\u00e1 definido por el sistema en forma aleatoria, pudiendo tener una duraci\u00f3n de tres (03) hasta diez (10) minutos. El vencedor de cada grupo subastado ser\u00e1 el oferente que ingres\u00f3 el menor precio. En los casos de igualdad de precios, queda como vencedor el que lo haya ingresado primero, seg\u00fan el orden que lleguen al sistema SBE.<\/p>\n\n\n\n<h4 class=\"wp-block-heading\"><strong><strong>Beneficio Mipymes<\/strong><\/strong><\/h4>\n\n\n\n<p>Los proveedores participantes de la Subasta categorizados como MIPYMES por la autoridad pertinente, que cuenten con dicha categor\u00eda en el Registro de Proveedores del Estado, podr\u00e1n acogerse al Beneficio MIPYMES que otorga el sistema de SBE, una vez finalizada la fase aleatoria, conforme a las condiciones establecidas en la normativa vigente.<\/p>\n\n\n\n<h4 class=\"wp-block-heading\"><strong><strong>Acta de Sesi\u00f3n P\u00fablica Virtual<\/strong><\/strong><\/h4>\n\n\n\n<p>Finalizada la subasta, el sistema generar\u00e1 el Acta de Sesi\u00f3n P\u00fablica Virtual, la cual ser\u00e1 publicada en el SICP y<\/p>\n\n\n\n<p>contendr\u00e1 la indicaci\u00f3n del oferente con los mejores precios por grupo subastado, la clasificaci\u00f3n de los lances presentados y dem\u00e1s informaciones relativas al procedimiento de subasta.<\/p>\n\n\n\n<h4 class=\"wp-block-heading\"><strong><strong>Ajuste de precios de la oferta electr\u00f3nica.<\/strong><\/strong><\/h4>\n\n\n\n<p>Una vez generada el Acta de Sesi\u00f3n P\u00fablica Virtual, el oferente, toda vez que haya realizado lances durante la etapa competitiva, deber\u00e1 ajustar su listado de \u00edtems al precio final de la competencia electr\u00f3nica, a trav\u00e9s del m\u00f3dulo de ofertas electr\u00f3nicas, hasta la fecha y hora prevista para el acto de apertura de ofertas electr\u00f3nicas.<\/p>\n\n\n\n<p>El SICP habilitar\u00e1 \u00fanicamente la modificaci\u00f3n del precio unitario, los dem\u00e1s campos del \u00edtem se mantendr\u00e1n invariables.<\/p>\n\n\n\n<p>En caso de que el oferente no haya realizado lance durante la etapa competitiva, los precios permanecer\u00e1n invariables.<\/p>\n","protected":false},"excerpt":{"rendered":"\u00bfQu\u00e9 es la Subasta a la Baja Electr\u00f3nica? Es un procedimiento de contrataci\u00f3n electr\u00f3nica por la cual se pueden\u00a0adquirir bienes y servicios gen\u00e9ricos, y contratar obras, a trav\u00e9s de una oferta p\u00fablica virtual, donde el postor ganador, es aquel que ofrece el menor precio y cumple con las Especificaciones T\u00e9cnicas y Criterios de Evaluaci\u00f3n de [&hellip;]","protected":false},"author":13,"featured_media":0,"parent":607,"menu_order":0,"comment_status":"closed","ping_status":"closed","template":"","meta":{"footnotes":""},"class_list":["post-613","page","type-page","status-publish","hentry"],"_links":{"self":[{"href":"https:\/\/www.contrataciones.gov.py\/dncp\/wp-json\/wp\/v2\/pages\/613","targetHints":{"allow":["GET"]}}],"collection":[{"href":"https:\/\/www.contrataciones.gov.py\/dncp\/wp-json\/wp\/v2\/pages"}],"about":[{"href":"https:\/\/www.contrataciones.gov.py\/dncp\/wp-json\/wp\/v2\/types\/page"}],"author":[{"embeddable":true,"href":"https:\/\/www.contrataciones.gov.py\/dncp\/wp-json\/wp\/v2\/users\/13"}],"replies":[{"embeddable":true,"href":"https:\/\/www.contrataciones.gov.py\/dncp\/wp-json\/wp\/v2\/comments?post=613"}],"version-history":[{"count":14,"href":"https:\/\/www.contrataciones.gov.py\/dncp\/wp-json\/wp\/v2\/pages\/613\/revisions"}],"predecessor-version":[{"id":18096,"href":"https:\/\/www.contrataciones.gov.py\/dncp\/wp-json\/wp\/v2\/pages\/613\/revisions\/18096"}],"up":[{"embeddable":true,"href":"https:\/\/www.contrataciones.gov.py\/dncp\/wp-json\/wp\/v2\/pages\/607"}],"wp:attachment":[{"href":"https:\/\/www.contrataciones.gov.py\/dncp\/wp-json\/wp\/v2\/media?parent=613"}],"curies":[{"name":"wp","href":"https:\/\/api.w.org\/{rel}","templated":true}]}}