{"id":640,"date":"2023-04-25T12:14:14","date_gmt":"2023-04-25T16:14:14","guid":{"rendered":"https:\/\/www.contrataciones.gov.py\/dncp\/?page_id=640"},"modified":"2025-03-11T11:53:29","modified_gmt":"2025-03-11T14:53:29","slug":"manuales-de-uso","status":"publish","type":"page","link":"https:\/\/www.contrataciones.gov.py\/dncp\/subasta-a-la-baja-electronica\/manuales-de-uso\/","title":{"rendered":"Manuales de Uso"},"content":{"rendered":"\n<figure class=\"wp-block-image size-full\"><img loading=\"lazy\" decoding=\"async\" width=\"1921\" height=\"406\" src=\"https:\/\/www.contrataciones.gov.py\/dncp\/wp-content\/uploads\/2024\/12\/actualizacion-de-usuarios-de-Unidades-de-Contratacion_WEB-18.jpg\" alt=\"\" class=\"wp-image-13023\" srcset=\"https:\/\/www.contrataciones.gov.py\/dncp\/wp-content\/uploads\/2024\/12\/actualizacion-de-usuarios-de-Unidades-de-Contratacion_WEB-18.jpg 1921w, https:\/\/www.contrataciones.gov.py\/dncp\/wp-content\/uploads\/2024\/12\/actualizacion-de-usuarios-de-Unidades-de-Contratacion_WEB-18-300x63.jpg 300w, https:\/\/www.contrataciones.gov.py\/dncp\/wp-content\/uploads\/2024\/12\/actualizacion-de-usuarios-de-Unidades-de-Contratacion_WEB-18-1024x216.jpg 1024w, https:\/\/www.contrataciones.gov.py\/dncp\/wp-content\/uploads\/2024\/12\/actualizacion-de-usuarios-de-Unidades-de-Contratacion_WEB-18-768x162.jpg 768w, https:\/\/www.contrataciones.gov.py\/dncp\/wp-content\/uploads\/2024\/12\/actualizacion-de-usuarios-de-Unidades-de-Contratacion_WEB-18-1536x325.jpg 1536w\" sizes=\"auto, (max-width: 1921px) 100vw, 1921px\" \/><\/figure>\n\n\n\n<h4 class=\"wp-block-heading\">Manuales de Uso<\/h4>\n\n\n\n<div class=\"table-responsive\">\n<table class=\"table table-striped table-bordered table-hover\">\n\t<thead>\n\t  <tr>\n\t\t<th>Descripci\u00f3n<\/th>\n\t\t<th class=\"text-center\">Descarga<\/th>\n\t  <\/tr>\n\t<\/thead>\n\t<tbody>\n\t\t\t<tr>\n\t\t\t\t<td><p>Guia de uso de la subasta<\/p><\/td>\n\t\t\t\t<td class=\"center\"><p class=\"text-center\"><a target=\"blank\" href=\"https:\/\/www.contrataciones.gov.py\/dncp\/guia-de-subasta-a-la-baja-electronica\/guia-de-subasta-a-la-baja-electronica\/\" rel=\"noopener\"><i class=\"fa fa-download\"><\/i><\/a><\/p><\/td><\/tr>\n\t\t<tr>\n\t\t\t\t<td><p>Gu\u00eda De Ofertas Electr\u00f3nicas \u2013 Proveedores<\/p><\/td>\n\t\t\t\t<td class=\"center\"><p class=\"text-center\"><a target=\"blank\" href=\"https:\/\/www.contrataciones.gov.py\/dncp\/guia-ofertas-electronicas-ley-n-7021-2022-res-232-2025\/guia-de-ofertas-electronicas-proveedor\/\" rel=\"noopener\"><i class=\"fa fa-download\"><\/i><\/a><\/p><\/td><\/tr>\n<tr>\n\t\t\t\t<td><p>Gu\u00eda De Ofertas Electr\u00f3nicas \u2013 Ciudadan\u00eda<\/p><\/td>\n\t\t\t\t<td class=\"center\"><p class=\"text-center\"><a target=\"blank\" href=\"https:\/\/www.contrataciones.gov.py\/dncp\/guia-ofertas-electronicas-ley-n-7021-2022-res-232-2025\/guia-ofertas-electronicas-ciudadania\/\" rel=\"noopener\"><i class=\"fa fa-download\"><\/i><\/a><\/p><\/td><\/tr>\n<tr>\n\t\t\t\t<td><p>Gu\u00eda De Ofertas Electr\u00f3nicas \u2013 Convocantes<\/p><\/td>\n\t\t\t\t<td class=\"center\"><p class=\"text-center\"><a target=\"blank\" href=\"https:\/\/www.contrataciones.gov.py\/dncp\/guia-ofertas-electronicas-ley-n-7021-2022-res-232-2025\/guia-ofertas-electronicas-convocante\/\" rel=\"noopener\"><i class=\"fa fa-download\"><\/i><\/a><\/p><\/td><\/tr>\n\t<\/tbody>\n<\/table>\n<\/div>\n","protected":false},"excerpt":{"rendered":"Manuales de Uso Descripci\u00f3n Descarga Guia de uso de la subasta Gu\u00eda De Ofertas Electr\u00f3nicas \u2013 Proveedores Gu\u00eda De Ofertas Electr\u00f3nicas \u2013 Ciudadan\u00eda Gu\u00eda De Ofertas Electr\u00f3nicas \u2013 Convocantes","protected":false},"author":13,"featured_media":0,"parent":607,"menu_order":3,"comment_status":"closed","ping_status":"closed","template":"","meta":{"footnotes":""},"class_list":["post-640","page","type-page","status-publish","hentry"],"_links":{"self":[{"href":"https:\/\/www.contrataciones.gov.py\/dncp\/wp-json\/wp\/v2\/pages\/640","targetHints":{"allow":["GET"]}}],"collection":[{"href":"https:\/\/www.contrataciones.gov.py\/dncp\/wp-json\/wp\/v2\/pages"}],"about":[{"href":"https:\/\/www.contrataciones.gov.py\/dncp\/wp-json\/wp\/v2\/types\/page"}],"author":[{"embeddable":true,"href":"https:\/\/www.contrataciones.gov.py\/dncp\/wp-json\/wp\/v2\/users\/13"}],"replies":[{"embeddable":true,"href":"https:\/\/www.contrataciones.gov.py\/dncp\/wp-json\/wp\/v2\/comments?post=640"}],"version-history":[{"count":12,"href":"https:\/\/www.contrataciones.gov.py\/dncp\/wp-json\/wp\/v2\/pages\/640\/revisions"}],"predecessor-version":[{"id":18088,"href":"https:\/\/www.contrataciones.gov.py\/dncp\/wp-json\/wp\/v2\/pages\/640\/revisions\/18088"}],"up":[{"embeddable":true,"href":"https:\/\/www.contrataciones.gov.py\/dncp\/wp-json\/wp\/v2\/pages\/607"}],"wp:attachment":[{"href":"https:\/\/www.contrataciones.gov.py\/dncp\/wp-json\/wp\/v2\/media?parent=640"}],"curies":[{"name":"wp","href":"https:\/\/api.w.org\/{rel}","templated":true}]}}