{"id":6870,"date":"2023-11-13T12:35:06","date_gmt":"2023-11-13T15:35:06","guid":{"rendered":"https:\/\/www.contrataciones.gov.py\/dncp\/?page_id=6870"},"modified":"2024-12-04T10:44:21","modified_gmt":"2024-12-04T13:44:21","slug":"registro-de-terminaciones-contractuales","status":"publish","type":"page","link":"https:\/\/www.contrataciones.gov.py\/dncp\/registro-de-terminaciones-contractuales\/registro-de-terminaciones-contractuales\/","title":{"rendered":"Registro de Terminaciones Contractuales"},"content":{"rendered":"\n<figure class=\"wp-block-image size-large\"><img loading=\"lazy\" decoding=\"async\" width=\"1024\" height=\"217\" src=\"https:\/\/www.contrataciones.gov.py\/dncp\/wp-content\/uploads\/2024\/12\/actualizacion-de-usuarios-de-Unidades-de-Contratacion_WEB-15-1024x217.jpg\" alt=\"\" class=\"wp-image-12999\" srcset=\"https:\/\/www.contrataciones.gov.py\/dncp\/wp-content\/uploads\/2024\/12\/actualizacion-de-usuarios-de-Unidades-de-Contratacion_WEB-15-1024x217.jpg 1024w, https:\/\/www.contrataciones.gov.py\/dncp\/wp-content\/uploads\/2024\/12\/actualizacion-de-usuarios-de-Unidades-de-Contratacion_WEB-15-300x63.jpg 300w, https:\/\/www.contrataciones.gov.py\/dncp\/wp-content\/uploads\/2024\/12\/actualizacion-de-usuarios-de-Unidades-de-Contratacion_WEB-15-768x162.jpg 768w, https:\/\/www.contrataciones.gov.py\/dncp\/wp-content\/uploads\/2024\/12\/actualizacion-de-usuarios-de-Unidades-de-Contratacion_WEB-15-1536x325.jpg 1536w, https:\/\/www.contrataciones.gov.py\/dncp\/wp-content\/uploads\/2024\/12\/actualizacion-de-usuarios-de-Unidades-de-Contratacion_WEB-15.jpg 1920w\" sizes=\"auto, (max-width: 1024px) 100vw, 1024px\" \/><\/figure>\n\n\n\n<p>Descubr\u00ed nuestro Registro de Rescisi\u00f3n de Contratos, una herramienta esencial para visualizar informaci\u00f3n detallada sobre cantidades y montos de rescisiones contractuales.<\/p>\n\n\n\n<iframe loading=\"lazy\" title=\"compradores publicos\" width=\"790\" height=\"550\" src=\"https:\/\/app.powerbi.com\/view?r=eyJrIjoiMTYwNWE0ZDktY2IwNi00OGI0LTg3ZDktNWE4MjQxOWQ1YTA3IiwidCI6IjQzMmRkMzIwLWJmYjMtNDE0Yi05MTg5LWNkZDk0MDVkODM1NyIsImMiOjR9\" frameborder=\"0\" allowFullScreen=\"true\"><\/iframe>\n","protected":false},"excerpt":{"rendered":"Descubr\u00ed nuestro Registro de Rescisi\u00f3n de Contratos, una herramienta esencial para visualizar informaci\u00f3n detallada sobre cantidades y montos de rescisiones contractuales.","protected":false},"author":26,"featured_media":0,"parent":6862,"menu_order":0,"comment_status":"closed","ping_status":"closed","template":"","meta":{"footnotes":""},"class_list":["post-6870","page","type-page","status-publish","hentry"],"_links":{"self":[{"href":"https:\/\/www.contrataciones.gov.py\/dncp\/wp-json\/wp\/v2\/pages\/6870","targetHints":{"allow":["GET"]}}],"collection":[{"href":"https:\/\/www.contrataciones.gov.py\/dncp\/wp-json\/wp\/v2\/pages"}],"about":[{"href":"https:\/\/www.contrataciones.gov.py\/dncp\/wp-json\/wp\/v2\/types\/page"}],"author":[{"embeddable":true,"href":"https:\/\/www.contrataciones.gov.py\/dncp\/wp-json\/wp\/v2\/users\/26"}],"replies":[{"embeddable":true,"href":"https:\/\/www.contrataciones.gov.py\/dncp\/wp-json\/wp\/v2\/comments?post=6870"}],"version-history":[{"count":7,"href":"https:\/\/www.contrataciones.gov.py\/dncp\/wp-json\/wp\/v2\/pages\/6870\/revisions"}],"predecessor-version":[{"id":13003,"href":"https:\/\/www.contrataciones.gov.py\/dncp\/wp-json\/wp\/v2\/pages\/6870\/revisions\/13003"}],"up":[{"embeddable":true,"href":"https:\/\/www.contrataciones.gov.py\/dncp\/wp-json\/wp\/v2\/pages\/6862"}],"wp:attachment":[{"href":"https:\/\/www.contrataciones.gov.py\/dncp\/wp-json\/wp\/v2\/media?parent=6870"}],"curies":[{"name":"wp","href":"https:\/\/api.w.org\/{rel}","templated":true}]}}