{"id":6946,"date":"2023-11-22T15:39:48","date_gmt":"2023-11-22T18:39:48","guid":{"rendered":"https:\/\/www.contrataciones.gov.py\/dncp\/?page_id=6946"},"modified":"2024-12-04T12:06:37","modified_gmt":"2024-12-04T15:06:37","slug":"incubadora-dncp","status":"publish","type":"page","link":"https:\/\/www.contrataciones.gov.py\/dncp\/incubadora-dncp\/incubadora-dncp\/","title":{"rendered":"Incubadora DNCP"},"content":{"rendered":"\n<figure class=\"wp-block-image size-full\"><img loading=\"lazy\" decoding=\"async\" width=\"1920\" height=\"406\" src=\"https:\/\/www.contrataciones.gov.py\/dncp\/wp-content\/uploads\/2024\/12\/actualizacion-de-usuarios-de-Unidades-de-Contratacion_WEB-1-5.jpg\" alt=\"\" class=\"wp-image-13331\" srcset=\"https:\/\/www.contrataciones.gov.py\/dncp\/wp-content\/uploads\/2024\/12\/actualizacion-de-usuarios-de-Unidades-de-Contratacion_WEB-1-5.jpg 1920w, https:\/\/www.contrataciones.gov.py\/dncp\/wp-content\/uploads\/2024\/12\/actualizacion-de-usuarios-de-Unidades-de-Contratacion_WEB-1-5-300x63.jpg 300w, https:\/\/www.contrataciones.gov.py\/dncp\/wp-content\/uploads\/2024\/12\/actualizacion-de-usuarios-de-Unidades-de-Contratacion_WEB-1-5-1024x217.jpg 1024w, https:\/\/www.contrataciones.gov.py\/dncp\/wp-content\/uploads\/2024\/12\/actualizacion-de-usuarios-de-Unidades-de-Contratacion_WEB-1-5-768x162.jpg 768w, https:\/\/www.contrataciones.gov.py\/dncp\/wp-content\/uploads\/2024\/12\/actualizacion-de-usuarios-de-Unidades-de-Contratacion_WEB-1-5-1536x325.jpg 1536w\" sizes=\"auto, (max-width: 1920px) 100vw, 1920px\" \/><\/figure>\n\n\n\n<p>En este espacio, encontrar\u00e1s informaci\u00f3n sobre proyectos de inteligencia artificial y otras herramientas experimentales destinadas a mejorar el an\u00e1lisis y monitoreo de las compras p\u00fablicas.<\/p>\n\n\n\n<p>Te invitamos a explorar esta plataforma y compartir tus opiniones sobre su utilidad y tu experiencia de uso. Tus comentarios son de gran valor para nosotros, ya que nos ayudar\u00e1n a perfeccionar nuestras herramientas y adaptarlas a tus necesidades.<\/p>\n\n\n\n<p>En la DNCP, estamos firmemente comprometidos con la transparencia y la eficiencia en las compras p\u00fablicas, y tu participaci\u00f3n es esencial para lograrlo. Esperamos que encuentres este recurso de utilidad y que, juntos, podamos contribuir a un proceso de contrataci\u00f3n m\u00e1s transparente y efectivo.<\/p>\n\n\n\n<p><strong><u>\u00bfQuer\u00e9s proponer un proyecto?<\/u><\/strong><\/p>\n\n\n\n<p>Si tiene una propuesta innovadora en cuanto a la utilizaci\u00f3n de datos que considere valiosa, le invitamos a presentarla. Por favor, haga clic en <strong><a href=\"https:\/\/docs.google.com\/forms\/d\/e\/1FAIpQLSeByaZlepPHm5PfEH-2Z8Jx_Du-7T910ZL-vWilJjd8er7OyQ\/viewform?usp=sf_link\" data-type=\"link\" data-id=\"https:\/\/docs.google.com\/forms\/d\/e\/1FAIpQLSeByaZlepPHm5PfEH-2Z8Jx_Du-7T910ZL-vWilJjd8er7OyQ\/viewform?usp=sf_link\">\u00abProponer un Proyecto\u00bb<\/a> <\/strong>y complete el formulario correspondiente. Apreciamos propuestas fundamentadas y bien estructuradas que aborden desaf\u00edos reales y beneficien a la sociedad en general.<\/p>\n","protected":false},"excerpt":{"rendered":"En este espacio, encontrar\u00e1s informaci\u00f3n sobre proyectos de inteligencia artificial y otras herramientas experimentales destinadas a mejorar el an\u00e1lisis y monitoreo de las compras p\u00fablicas. Te invitamos a explorar esta plataforma y compartir tus opiniones sobre su utilidad y tu experiencia de uso. Tus comentarios son de gran valor para nosotros, ya que nos ayudar\u00e1n [&hellip;]","protected":false},"author":26,"featured_media":0,"parent":6938,"menu_order":1,"comment_status":"closed","ping_status":"closed","template":"","meta":{"footnotes":""},"class_list":["post-6946","page","type-page","status-publish","hentry"],"_links":{"self":[{"href":"https:\/\/www.contrataciones.gov.py\/dncp\/wp-json\/wp\/v2\/pages\/6946","targetHints":{"allow":["GET"]}}],"collection":[{"href":"https:\/\/www.contrataciones.gov.py\/dncp\/wp-json\/wp\/v2\/pages"}],"about":[{"href":"https:\/\/www.contrataciones.gov.py\/dncp\/wp-json\/wp\/v2\/types\/page"}],"author":[{"embeddable":true,"href":"https:\/\/www.contrataciones.gov.py\/dncp\/wp-json\/wp\/v2\/users\/26"}],"replies":[{"embeddable":true,"href":"https:\/\/www.contrataciones.gov.py\/dncp\/wp-json\/wp\/v2\/comments?post=6946"}],"version-history":[{"count":8,"href":"https:\/\/www.contrataciones.gov.py\/dncp\/wp-json\/wp\/v2\/pages\/6946\/revisions"}],"predecessor-version":[{"id":13335,"href":"https:\/\/www.contrataciones.gov.py\/dncp\/wp-json\/wp\/v2\/pages\/6946\/revisions\/13335"}],"up":[{"embeddable":true,"href":"https:\/\/www.contrataciones.gov.py\/dncp\/wp-json\/wp\/v2\/pages\/6938"}],"wp:attachment":[{"href":"https:\/\/www.contrataciones.gov.py\/dncp\/wp-json\/wp\/v2\/media?parent=6946"}],"curies":[{"name":"wp","href":"https:\/\/api.w.org\/{rel}","templated":true}]}}