{"id":6974,"date":"2023-11-16T08:17:46","date_gmt":"2023-11-16T11:17:46","guid":{"rendered":"https:\/\/www.contrataciones.gov.py\/dncp\/?page_id=6974"},"modified":"2023-11-30T10:42:51","modified_gmt":"2023-11-30T13:42:51","slug":"sie","status":"publish","type":"page","link":"https:\/\/www.contrataciones.gov.py\/dncp\/sie\/","title":{"rendered":"Sistema de Informaci\u00f3n Estrat\u00e9gica"},"content":{"rendered":"\t\t<div data-elementor-type=\"wp-page\" data-elementor-id=\"6974\" class=\"elementor elementor-6974\">\n\t\t\t\t\t\t\t\t\t<section class=\"elementor-section elementor-top-section elementor-element elementor-element-974287b elementor-section-boxed elementor-section-height-default elementor-section-height-default\" data-id=\"974287b\" data-element_type=\"section\">\n\t\t\t\t\t\t<div class=\"elementor-container elementor-column-gap-default\">\n\t\t\t\t\t<div class=\"elementor-column elementor-col-100 elementor-top-column elementor-element elementor-element-bd3a929\" data-id=\"bd3a929\" data-element_type=\"column\">\n\t\t\t<div class=\"elementor-widget-wrap elementor-element-populated\">\n\t\t\t\t\t\t\t\t<div class=\"elementor-element elementor-element-43a8226 elementor-widget elementor-widget-text-editor\" data-id=\"43a8226\" data-element_type=\"widget\" data-widget_type=\"text-editor.default\">\n\t\t\t\t<div class=\"elementor-widget-container\">\n\t\t\t<style>\/*! elementor - v3.16.0 - 14-09-2023 *\/\n.elementor-widget-text-editor.elementor-drop-cap-view-stacked .elementor-drop-cap{background-color:#69727d;color:#fff}.elementor-widget-text-editor.elementor-drop-cap-view-framed .elementor-drop-cap{color:#69727d;border:3px solid;background-color:transparent}.elementor-widget-text-editor:not(.elementor-drop-cap-view-default) .elementor-drop-cap{margin-top:8px}.elementor-widget-text-editor:not(.elementor-drop-cap-view-default) .elementor-drop-cap-letter{width:1em;height:1em}.elementor-widget-text-editor .elementor-drop-cap{float:left;text-align:center;line-height:1;font-size:50px}.elementor-widget-text-editor .elementor-drop-cap-letter{display:inline-block}<\/style>\t\t\t\t<p>El SIE es una herramienta que brinda la DNCP a las entidades compradoras, los proveedores y la ciudadan\u00eda en general para facilitar el an\u00e1lisis del gasto p\u00fablico. A trav\u00e9s de ella, los interesados pueden acceder a las estad\u00edsticas de compras presentadas mediante representaciones gr\u00e1ficas que favorecen la comprensi\u00f3n de la informaci\u00f3n; adem\u00e1s de un monitoreo de aspectos fundamentales de la gesti\u00f3n de compras del Estado mediante tableros de control y un sistema de alertas tempranas. <\/p>\n<p>As\u00ed tambi\u00e9n, todos los datos se encuentran disponibles, para transformarlos en herramientas que contribuyan al control y a la mejora en la gesti\u00f3n del Estado en materia de compras p\u00fablicas.<\/p><br>\t\t\t\t\t\t<\/div>\n\t\t\t\t<\/div>\n\t\t\t\t\t<\/div>\n\t\t<\/div>\n\t\t\t\t\t\t\t<\/div>\n\t\t<\/section>\n\t\t\t\t<section class=\"elementor-section elementor-top-section elementor-element elementor-element-d05abd8 elementor-section-boxed elementor-section-height-default elementor-section-height-default\" data-id=\"d05abd8\" data-element_type=\"section\">\n\t\t\t\t\t\t<div class=\"elementor-container elementor-column-gap-default\">\n\t\t\t\t\t<div class=\"elementor-column elementor-col-50 elementor-top-column elementor-element elementor-element-d53b7de\" data-id=\"d53b7de\" data-element_type=\"column\">\n\t\t\t<div class=\"elementor-widget-wrap elementor-element-populated\">\n\t\t\t\t\t\t\t\t<div class=\"elementor-element elementor-element-b3dfdc7 elementor-widget elementor-widget-image\" data-id=\"b3dfdc7\" data-element_type=\"widget\" data-widget_type=\"image.default\">\n\t\t\t\t<div class=\"elementor-widget-container\">\n\t\t\t<style>\/*! elementor - v3.16.0 - 14-09-2023 *\/\n.elementor-widget-image{text-align:center}.elementor-widget-image a{display:inline-block}.elementor-widget-image a img[src$=\".svg\"]{width:48px}.elementor-widget-image img{vertical-align:middle;display:inline-block}<\/style>\t\t\t\t\t\t\t\t\t\t\t\t\t<a href=\"https:\/\/www.contrataciones.gov.py\/dncp\/estadisticas\/que-es\/\">\n\t\t\t\t\t\t\t<img loading=\"lazy\" decoding=\"async\" width=\"300\" height=\"194\" src=\"https:\/\/www.contrataciones.gov.py\/dncp\/wp-content\/uploads\/2023\/11\/Estadisticas1-300x194.png\" class=\"elementor-animation-grow attachment-medium size-medium wp-image-7026\" alt=\"\" srcset=\"https:\/\/www.contrataciones.gov.py\/dncp\/wp-content\/uploads\/2023\/11\/Estadisticas1-300x194.png 300w, https:\/\/www.contrataciones.gov.py\/dncp\/wp-content\/uploads\/2023\/11\/Estadisticas1.png 524w\" sizes=\"auto, (max-width: 300px) 100vw, 300px\" \/>\t\t\t\t\t\t\t\t<\/a>\n\t\t\t\t\t\t\t\t\t\t\t\t\t\t\t<\/div>\n\t\t\t\t<\/div>\n\t\t\t\t\t<\/div>\n\t\t<\/div>\n\t\t\t\t<div class=\"elementor-column elementor-col-50 elementor-top-column elementor-element elementor-element-dd9c79e\" data-id=\"dd9c79e\" data-element_type=\"column\">\n\t\t\t<div class=\"elementor-widget-wrap elementor-element-populated\">\n\t\t\t\t\t\t\t\t<div class=\"elementor-element elementor-element-2d03f58 elementor-widget elementor-widget-image\" data-id=\"2d03f58\" data-element_type=\"widget\" data-widget_type=\"image.default\">\n\t\t\t\t<div class=\"elementor-widget-container\">\n\t\t\t\t\t\t\t\t\t\t\t\t\t\t\t\t<a href=\"https:\/\/www.contrataciones.gov.py\/dncp\/tablero-de-control\/que-es-el-tablero-de-control\/\">\n\t\t\t\t\t\t\t<img loading=\"lazy\" decoding=\"async\" width=\"300\" height=\"194\" src=\"https:\/\/www.contrataciones.gov.py\/dncp\/wp-content\/uploads\/2023\/11\/Tableros1-300x194.png\" class=\"elementor-animation-grow attachment-medium size-medium wp-image-7030\" alt=\"\" srcset=\"https:\/\/www.contrataciones.gov.py\/dncp\/wp-content\/uploads\/2023\/11\/Tableros1-300x194.png 300w, https:\/\/www.contrataciones.gov.py\/dncp\/wp-content\/uploads\/2023\/11\/Tableros1.png 524w\" sizes=\"auto, (max-width: 300px) 100vw, 300px\" \/>\t\t\t\t\t\t\t\t<\/a>\n\t\t\t\t\t\t\t\t\t\t\t\t\t\t\t<\/div>\n\t\t\t\t<\/div>\n\t\t\t\t\t<\/div>\n\t\t<\/div>\n\t\t\t\t\t\t\t<\/div>\n\t\t<\/section>\n\t\t\t\t<section class=\"elementor-section elementor-top-section elementor-element elementor-element-cdfc42c elementor-section-boxed elementor-section-height-default elementor-section-height-default\" data-id=\"cdfc42c\" data-element_type=\"section\">\n\t\t\t\t\t\t<div class=\"elementor-container elementor-column-gap-default\">\n\t\t\t\t\t<div class=\"elementor-column elementor-col-50 elementor-top-column elementor-element elementor-element-fcbb809\" data-id=\"fcbb809\" data-element_type=\"column\">\n\t\t\t<div class=\"elementor-widget-wrap elementor-element-populated\">\n\t\t\t\t\t\t\t\t<div class=\"elementor-element elementor-element-cc78707 elementor-widget elementor-widget-image\" data-id=\"cc78707\" data-element_type=\"widget\" data-widget_type=\"image.default\">\n\t\t\t\t<div class=\"elementor-widget-container\">\n\t\t\t\t\t\t\t\t\t\t\t\t\t\t\t\t<a href=\"https:\/\/www.contrataciones.gov.py\/dncp\/red-flags\/que-son-los-red-flags\/\">\n\t\t\t\t\t\t\t<img loading=\"lazy\" decoding=\"async\" width=\"300\" height=\"194\" src=\"https:\/\/www.contrataciones.gov.py\/dncp\/wp-content\/uploads\/2023\/11\/red-flags-1-300x194.png\" class=\"elementor-animation-grow attachment-medium size-medium wp-image-7034\" alt=\"\" srcset=\"https:\/\/www.contrataciones.gov.py\/dncp\/wp-content\/uploads\/2023\/11\/red-flags-1-300x194.png 300w, https:\/\/www.contrataciones.gov.py\/dncp\/wp-content\/uploads\/2023\/11\/red-flags-1.png 524w\" sizes=\"auto, (max-width: 300px) 100vw, 300px\" \/>\t\t\t\t\t\t\t\t<\/a>\n\t\t\t\t\t\t\t\t\t\t\t\t\t\t\t<\/div>\n\t\t\t\t<\/div>\n\t\t\t\t\t<\/div>\n\t\t<\/div>\n\t\t\t\t<div class=\"elementor-column elementor-col-50 elementor-top-column elementor-element elementor-element-e4d29bd\" data-id=\"e4d29bd\" data-element_type=\"column\">\n\t\t\t<div class=\"elementor-widget-wrap elementor-element-populated\">\n\t\t\t\t\t\t\t\t<div class=\"elementor-element elementor-element-ccff4f8 elementor-widget elementor-widget-image\" data-id=\"ccff4f8\" data-element_type=\"widget\" data-widget_type=\"image.default\">\n\t\t\t\t<div class=\"elementor-widget-container\">\n\t\t\t\t\t\t\t\t\t\t\t\t\t\t\t\t<a href=\"https:\/\/www.contrataciones.gov.py\/dncp\/incubadora-dncp\">\n\t\t\t\t\t\t\t<img loading=\"lazy\" decoding=\"async\" width=\"300\" height=\"194\" src=\"https:\/\/www.contrataciones.gov.py\/dncp\/wp-content\/uploads\/2023\/11\/Incubadorra-DNCP1-300x194.png\" class=\"elementor-animation-grow attachment-medium size-medium wp-image-7042\" alt=\"\" srcset=\"https:\/\/www.contrataciones.gov.py\/dncp\/wp-content\/uploads\/2023\/11\/Incubadorra-DNCP1-300x194.png 300w, https:\/\/www.contrataciones.gov.py\/dncp\/wp-content\/uploads\/2023\/11\/Incubadorra-DNCP1.png 524w\" sizes=\"auto, (max-width: 300px) 100vw, 300px\" \/>\t\t\t\t\t\t\t\t<\/a>\n\t\t\t\t\t\t\t\t\t\t\t\t\t\t\t<\/div>\n\t\t\t\t<\/div>\n\t\t\t\t\t<\/div>\n\t\t<\/div>\n\t\t\t\t\t\t\t<\/div>\n\t\t<\/section>\n\t\t\t\t<section class=\"elementor-section elementor-top-section elementor-element elementor-element-cc2ed13 elementor-section-boxed elementor-section-height-default elementor-section-height-default\" data-id=\"cc2ed13\" data-element_type=\"section\">\n\t\t\t\t\t\t<div class=\"elementor-container elementor-column-gap-default\">\n\t\t\t\t\t<div class=\"elementor-column elementor-col-50 elementor-top-column elementor-element elementor-element-cd98e58\" data-id=\"cd98e58\" data-element_type=\"column\">\n\t\t\t<div class=\"elementor-widget-wrap elementor-element-populated\">\n\t\t\t\t\t\t\t\t<div class=\"elementor-element elementor-element-885ae71 elementor-widget elementor-widget-image\" data-id=\"885ae71\" data-element_type=\"widget\" data-widget_type=\"image.default\">\n\t\t\t\t<div class=\"elementor-widget-container\">\n\t\t\t\t\t\t\t\t\t\t\t\t\t\t\t\t<a href=\"https:\/\/www.contrataciones.gov.py\/datos\/\">\n\t\t\t\t\t\t\t<img loading=\"lazy\" decoding=\"async\" width=\"300\" height=\"194\" src=\"https:\/\/www.contrataciones.gov.py\/dncp\/wp-content\/uploads\/2023\/11\/Datos-abiertos1-300x194.png\" class=\"elementor-animation-grow attachment-medium size-medium wp-image-7046\" alt=\"\" srcset=\"https:\/\/www.contrataciones.gov.py\/dncp\/wp-content\/uploads\/2023\/11\/Datos-abiertos1-300x194.png 300w, https:\/\/www.contrataciones.gov.py\/dncp\/wp-content\/uploads\/2023\/11\/Datos-abiertos1.png 524w\" sizes=\"auto, (max-width: 300px) 100vw, 300px\" \/>\t\t\t\t\t\t\t\t<\/a>\n\t\t\t\t\t\t\t\t\t\t\t\t\t\t\t<\/div>\n\t\t\t\t<\/div>\n\t\t\t\t\t<\/div>\n\t\t<\/div>\n\t\t\t\t<div class=\"elementor-column elementor-col-50 elementor-top-column elementor-element elementor-element-fa6eb88\" data-id=\"fa6eb88\" data-element_type=\"column\">\n\t\t\t<div class=\"elementor-widget-wrap elementor-element-populated\">\n\t\t\t\t\t\t\t\t<div class=\"elementor-element elementor-element-ddf2115 elementor-widget elementor-widget-image\" data-id=\"ddf2115\" data-element_type=\"widget\" data-widget_type=\"image.default\">\n\t\t\t\t<div class=\"elementor-widget-container\">\n\t\t\t\t\t\t\t\t\t\t\t\t\t\t\t\t<a href=\"https:\/\/quecompramos.gov.py\/\">\n\t\t\t\t\t\t\t<img loading=\"lazy\" decoding=\"async\" width=\"300\" height=\"194\" src=\"https:\/\/www.contrataciones.gov.py\/dncp\/wp-content\/uploads\/2023\/11\/Quecompramos1-300x194.png\" class=\"elementor-animation-grow attachment-medium size-medium wp-image-7038\" alt=\"\" srcset=\"https:\/\/www.contrataciones.gov.py\/dncp\/wp-content\/uploads\/2023\/11\/Quecompramos1-300x194.png 300w, https:\/\/www.contrataciones.gov.py\/dncp\/wp-content\/uploads\/2023\/11\/Quecompramos1.png 524w\" sizes=\"auto, (max-width: 300px) 100vw, 300px\" \/>\t\t\t\t\t\t\t\t<\/a>\n\t\t\t\t\t\t\t\t\t\t\t\t\t\t\t<\/div>\n\t\t\t\t<\/div>\n\t\t\t\t\t<\/div>\n\t\t<\/div>\n\t\t\t\t\t\t\t<\/div>\n\t\t<\/section>\n\t\t\t\t\t\t\t<\/div>\n\t\t","protected":false},"excerpt":{"rendered":"El SIE es una herramienta que brinda la DNCP a las entidades compradoras, los proveedores y la ciudadan\u00eda en general para facilitar el an\u00e1lisis del gasto p\u00fablico. A trav\u00e9s de ella, los interesados pueden acceder a las estad\u00edsticas de compras presentadas mediante representaciones gr\u00e1ficas que favorecen la comprensi\u00f3n de la informaci\u00f3n; adem\u00e1s de un monitoreo [&hellip;]","protected":false},"author":18,"featured_media":0,"parent":0,"menu_order":0,"comment_status":"closed","ping_status":"closed","template":"page-full.php","meta":{"footnotes":""},"class_list":["post-6974","page","type-page","status-publish","hentry"],"_links":{"self":[{"href":"https:\/\/www.contrataciones.gov.py\/dncp\/wp-json\/wp\/v2\/pages\/6974","targetHints":{"allow":["GET"]}}],"collection":[{"href":"https:\/\/www.contrataciones.gov.py\/dncp\/wp-json\/wp\/v2\/pages"}],"about":[{"href":"https:\/\/www.contrataciones.gov.py\/dncp\/wp-json\/wp\/v2\/types\/page"}],"author":[{"embeddable":true,"href":"https:\/\/www.contrataciones.gov.py\/dncp\/wp-json\/wp\/v2\/users\/18"}],"replies":[{"embeddable":true,"href":"https:\/\/www.contrataciones.gov.py\/dncp\/wp-json\/wp\/v2\/comments?post=6974"}],"version-history":[{"count":39,"href":"https:\/\/www.contrataciones.gov.py\/dncp\/wp-json\/wp\/v2\/pages\/6974\/revisions"}],"predecessor-version":[{"id":7910,"href":"https:\/\/www.contrataciones.gov.py\/dncp\/wp-json\/wp\/v2\/pages\/6974\/revisions\/7910"}],"wp:attachment":[{"href":"https:\/\/www.contrataciones.gov.py\/dncp\/wp-json\/wp\/v2\/media?parent=6974"}],"curies":[{"name":"wp","href":"https:\/\/api.w.org\/{rel}","templated":true}]}}