{"id":8674,"date":"2024-01-04T16:14:05","date_gmt":"2024-01-04T19:14:05","guid":{"rendered":"https:\/\/www.contrataciones.gov.py\/dncp\/?page_id=8674"},"modified":"2025-03-04T08:34:20","modified_gmt":"2025-03-04T11:34:20","slug":"guia-de-usuarios-procedimientos","status":"publish","type":"page","link":"https:\/\/www.contrataciones.gov.py\/dncp\/guia-de-usuarios-procedimientos\/guia-de-usuarios-procedimientos\/","title":{"rendered":"Gu\u00eda de Usuarios de Procedimientos &#8211; Res. DNCP N\u00b0 4400\/23"},"content":{"rendered":"\n<figure class=\"wp-block-image size-full\"><img loading=\"lazy\" decoding=\"async\" width=\"1920\" height=\"406\" src=\"https:\/\/www.contrataciones.gov.py\/dncp\/wp-content\/uploads\/2025\/03\/Usuarios-de-procedimientos-res.-dncp-n\u00b0-4400.jpg\" alt=\"\" class=\"wp-image-16988\" srcset=\"https:\/\/www.contrataciones.gov.py\/dncp\/wp-content\/uploads\/2025\/03\/Usuarios-de-procedimientos-res.-dncp-n\u00b0-4400.jpg 1920w, https:\/\/www.contrataciones.gov.py\/dncp\/wp-content\/uploads\/2025\/03\/Usuarios-de-procedimientos-res.-dncp-n\u00b0-4400-300x63.jpg 300w, https:\/\/www.contrataciones.gov.py\/dncp\/wp-content\/uploads\/2025\/03\/Usuarios-de-procedimientos-res.-dncp-n\u00b0-4400-1024x217.jpg 1024w, https:\/\/www.contrataciones.gov.py\/dncp\/wp-content\/uploads\/2025\/03\/Usuarios-de-procedimientos-res.-dncp-n\u00b0-4400-768x162.jpg 768w, https:\/\/www.contrataciones.gov.py\/dncp\/wp-content\/uploads\/2025\/03\/Usuarios-de-procedimientos-res.-dncp-n\u00b0-4400-1536x325.jpg 1536w\" sizes=\"auto, (max-width: 1920px) 100vw, 1920px\" \/><\/figure>\n\n\n\n<p>La presente Gu\u00eda es aplicable en el marco de los procedimientos de contrataci\u00f3n regidos por la Ley N\u00b0 7021\/22 \u00abDe Suministro y Contrataciones P\u00fablicas\u00bb y su Decreto Reglamentario N\u00b0 9823\/23.<\/p>\n\n\n\n<p>Esta <strong>Gu\u00eda de Usuario de Procedimientos<\/strong> ha sido aprobada por la Resoluci\u00f3n DNCP 4400\/23 \u201cPOR LA CUAL SE REGLAMENTAN LOS PROCEDIMIENTOS SUSTANCIADOS ANTE LA DIRECCI\u00d3N GENERAL DE ASUNTOS JUR\u00cdDICOS DE LA DIRECCI\u00d3N NACIONAL DE CONTRATACIONES P\u00daBLICAS, EN EL MARCO DE LA LEY N\u00b0 7021\/22\u201d.<\/p>\n\n\n\n<p>Aqu\u00ed encontrar\u00e1 las instrucciones para el uso del Sistema de Tr\u00e1mite Jur\u00eddico Electr\u00f3nico (STJE) y la sustanciaci\u00f3n de procedimientos ante la Direcci\u00f3n General de Asuntos Jur\u00eddicos (DGAJ) de la Direcci\u00f3n Nacional de Contrataciones P\u00fablicas (DNCP), los cuales comprenden los avenimientos, protestas, investigaciones preliminares y de oficio, investigaciones previas, sumarios, reconsideraciones y el tr\u00e1mite de consultas jur\u00eddicas. Es responsabilidad de los intervinientes de cada procedimiento verificar las disposiciones contenidas en la Ley 7021\/23, el Decreto Reglamentario 9823\/23, la Resoluci\u00f3n DNCP 4400\/23 y la presente Gu\u00eda a los efectos de resguardar el oportuno y correcto ejercicio de sus derechos.<\/p>\n\n\n\n<p><\/p>\n","protected":false},"excerpt":{"rendered":"La presente Gu\u00eda es aplicable en el marco de los procedimientos de contrataci\u00f3n regidos por la Ley N\u00b0 7021\/22 \u00abDe Suministro y Contrataciones P\u00fablicas\u00bb y su Decreto Reglamentario N\u00b0 9823\/23. Esta Gu\u00eda de Usuario de Procedimientos ha sido aprobada por la Resoluci\u00f3n DNCP 4400\/23 \u201cPOR LA CUAL SE REGLAMENTAN LOS PROCEDIMIENTOS SUSTANCIADOS ANTE LA DIRECCI\u00d3N [&hellip;]","protected":false},"author":18,"featured_media":0,"parent":8662,"menu_order":0,"comment_status":"closed","ping_status":"closed","template":"","meta":{"footnotes":""},"class_list":["post-8674","page","type-page","status-publish","hentry"],"_links":{"self":[{"href":"https:\/\/www.contrataciones.gov.py\/dncp\/wp-json\/wp\/v2\/pages\/8674","targetHints":{"allow":["GET"]}}],"collection":[{"href":"https:\/\/www.contrataciones.gov.py\/dncp\/wp-json\/wp\/v2\/pages"}],"about":[{"href":"https:\/\/www.contrataciones.gov.py\/dncp\/wp-json\/wp\/v2\/types\/page"}],"author":[{"embeddable":true,"href":"https:\/\/www.contrataciones.gov.py\/dncp\/wp-json\/wp\/v2\/users\/18"}],"replies":[{"embeddable":true,"href":"https:\/\/www.contrataciones.gov.py\/dncp\/wp-json\/wp\/v2\/comments?post=8674"}],"version-history":[{"count":7,"href":"https:\/\/www.contrataciones.gov.py\/dncp\/wp-json\/wp\/v2\/pages\/8674\/revisions"}],"predecessor-version":[{"id":16992,"href":"https:\/\/www.contrataciones.gov.py\/dncp\/wp-json\/wp\/v2\/pages\/8674\/revisions\/16992"}],"up":[{"embeddable":true,"href":"https:\/\/www.contrataciones.gov.py\/dncp\/wp-json\/wp\/v2\/pages\/8662"}],"wp:attachment":[{"href":"https:\/\/www.contrataciones.gov.py\/dncp\/wp-json\/wp\/v2\/media?parent=8674"}],"curies":[{"name":"wp","href":"https:\/\/api.w.org\/{rel}","templated":true}]}}