{"id":917,"date":"2023-04-26T17:53:35","date_gmt":"2023-04-26T21:53:35","guid":{"rendered":"https:\/\/www.contrataciones.gov.py\/dncp\/?page_id=917"},"modified":"2024-12-05T12:11:24","modified_gmt":"2024-12-05T15:11:24","slug":"investigaciones-electronicas","status":"publish","type":"page","link":"https:\/\/www.contrataciones.gov.py\/dncp\/tramites-juridicos-electronicos\/investigaciones-electronicas\/","title":{"rendered":"Investigaciones Electr\u00f3nicas"},"content":{"rendered":"\n<figure class=\"wp-block-image size-large\"><img loading=\"lazy\" decoding=\"async\" width=\"1024\" height=\"217\" src=\"https:\/\/www.contrataciones.gov.py\/dncp\/wp-content\/uploads\/2024\/12\/actualizacion-de-usuarios-de-Unidades-de-Contratacion_WEB-10-2-1024x217.jpg\" alt=\"\" class=\"wp-image-13539\" srcset=\"https:\/\/www.contrataciones.gov.py\/dncp\/wp-content\/uploads\/2024\/12\/actualizacion-de-usuarios-de-Unidades-de-Contratacion_WEB-10-2-1024x217.jpg 1024w, https:\/\/www.contrataciones.gov.py\/dncp\/wp-content\/uploads\/2024\/12\/actualizacion-de-usuarios-de-Unidades-de-Contratacion_WEB-10-2-300x63.jpg 300w, https:\/\/www.contrataciones.gov.py\/dncp\/wp-content\/uploads\/2024\/12\/actualizacion-de-usuarios-de-Unidades-de-Contratacion_WEB-10-2-768x162.jpg 768w, https:\/\/www.contrataciones.gov.py\/dncp\/wp-content\/uploads\/2024\/12\/actualizacion-de-usuarios-de-Unidades-de-Contratacion_WEB-10-2-1536x325.jpg 1536w, https:\/\/www.contrataciones.gov.py\/dncp\/wp-content\/uploads\/2024\/12\/actualizacion-de-usuarios-de-Unidades-de-Contratacion_WEB-10-2.jpg 1920w\" sizes=\"auto, (max-width: 1024px) 100vw, 1024px\" \/><\/figure>\n\n\n\n<p>El M\u00f3dulo de Investigaciones, es una herramienta mediante la cual las personas interesadas pueden denunciar hechos y\/o actos contrarios a las disposiciones de la Ley N\u00b02051\/03 y concordantes y los Principios Generales de la contrataci\u00f3n p\u00fablica, as\u00ed como presentar los descargos correspondientes, realizar presentaciones adicionales que consideren pertinente y realizar el seguimiento del proceso, todo a trav\u00e9s del link proporcionado, otorgando as\u00ed mayores facilidades al usuario.<\/p>\n\n\n\n<p><a href=\"https:\/\/www.contrataciones.gov.py\/stje\/solicitud-cambio-correo-contacto\/investigacion.html\" data-type=\"URL\" data-id=\"https:\/\/www.contrataciones.gov.py\/stje\/solicitud-cambio-correo-contacto\/investigacion.html\"><u>Formulario de Cambio de Correo de Contacto<\/u><\/a><\/p>\n\n\n\n<p>Si usted tiene alg\u00fan inconveniente con el uso del sistema de tr\u00e1mite jur\u00eddico electr\u00f3nico de Investigaciones por favor deje sus comentarios aqu\u00ed, realice una descripci\u00f3n detallada del problema y agregue el print de pantalla correspondiente.<\/p>\n\n\n\n<p><a href=\"https:\/\/www.contrataciones.gov.py\/mesa-de-ayuda.html?destino=17\" data-type=\"URL\" data-id=\"https:\/\/www.contrataciones.gov.py\/mesa-de-ayuda.html?destino=17\"><u>Reclamos sobre el uso del Sistema de Investigaciones<\/u><\/a><\/p>\n\n\n\n<h4 class=\"wp-block-heading\"><strong>Normas Vinculadas<\/strong><\/h4>\n\n\n\n\r\n<div class=\"table-responsive\">\r\n<table class=\"table table-striped table-bordered table-hover\">\r\n\t<thead>\r\n\t  <tr>\r\n\t\t<th>Descripci\u00f3n<\/th>\r\n\t\t<th class=\"text-center\">Descarga<\/th>\r\n\t  <\/tr>\r\n\t<\/thead>\r\n\t<tbody>\r\n\t\t\t\t\t<tr>\r\n\t\t\t\t<td>Reglamentaci\u00f3n Investigaciones<\/td>\r\n\t\t\t\t<td class=\"center\"><p class=\"text-center\"><a target=\"blank\" href=\"https:\/\/www.contrataciones.gov.py\/t\/download\/NormasManuales\/29\"><i class=\"fa fa-download\"><\/i><\/a><\/p><\/td>\r\n\t\t\t<\/tbody>\r\n<\/table>\n\n\n\n\n\n<h4 class=\"wp-block-heading\"><strong>Manuales de Uso<\/strong><\/h4>\n\n\n\n\r\n<div class=\"table-responsive\">\r\n<table class=\"table table-striped table-bordered table-hover\">\r\n\t<thead>\r\n\t  <tr>\r\n\t\t<th>Descripci\u00f3n<\/th>\r\n\t\t<th class=\"text-center\">Descarga<\/th>\r\n\t  <\/tr>\r\n\t<\/thead>\r\n\t<tbody>\r\n\t\t\t\t\t<tr>\r\n\t\t\t\t<td>ESTANDAR DECLARACION JURADA  DESBLOQUEO DE CC PROCEDIMIENTO JURIDICO FINALIZADO<\/td>\r\n\t\t\t\t<td class=\"center\"><p class=\"text-center\"><a target=\"blank\" href=\"https:\/\/www.contrataciones.gov.py\/t\/download\/NormasManuales\/46\"><i class=\"fa fa-download\"><\/i><\/a><\/p><\/td>\r\n\t\t\t\t\t<tr>\r\n\t\t\t\t<td>ESTANDAR DE DECLARACION JURADA DE LEVANTAMIENTO DE MONITOREO EN PROCEDIMIENTO JURIDICO EN TRAMITE<\/td>\r\n\t\t\t\t<td class=\"center\"><p class=\"text-center\"><a target=\"blank\" href=\"https:\/\/www.contrataciones.gov.py\/t\/download\/NormasManuales\/45\"><i class=\"fa fa-download\"><\/i><\/a><\/p><\/td>\r\n\t\t\t\t\t<tr>\r\n\t\t\t\t<td>Instructivo sobre monitoreo y bloqueo de c\u00f3digos de contrataci\u00f3n en procedimientos jur\u00eddicos<\/td>\r\n\t\t\t\t<td class=\"center\"><p class=\"text-center\"><a target=\"blank\" href=\"https:\/\/www.contrataciones.gov.py\/t\/download\/NormasManuales\/44\"><i class=\"fa fa-download\"><\/i><\/a><\/p><\/td>\r\n\t\t\t\t\t<tr>\r\n\t\t\t\t<td>Guia de reclamos STJE<\/td>\r\n\t\t\t\t<td class=\"center\"><p class=\"text-center\"><a target=\"blank\" href=\"https:\/\/www.contrataciones.gov.py\/t\/download\/NormasManuales\/27\"><i class=\"fa fa-download\"><\/i><\/a><\/p><\/td>\r\n\t\t\t\t\t<tr>\r\n\t\t\t\t<td>Manual del usuario investigaciones<\/td>\r\n\t\t\t\t<td class=\"center\"><p class=\"text-center\"><a target=\"blank\" href=\"https:\/\/www.contrataciones.gov.py\/t\/download\/NormasManuales\/25\"><i class=\"fa fa-download\"><\/i><\/a><\/p><\/td>\r\n\t\t\t<\/tbody>\r\n<\/table>\n\n\n\n\n\n<h4 class=\"wp-block-heading\"><strong>Avisos<\/strong><\/h4>\n\n\n\n<p>A los efectos de que esta Direcci\u00f3n Nacional pueda tomar intervenci\u00f3n contra supuestos hechos que contravengan las disposiciones que regulan la materia, no basta la simple alegaci\u00f3n de hechos que consideran irregulares, sino que deben ser precisados con exactitud a fin de determinar el objeto de la investigaci\u00f3n, caso contrario, a falta de un hecho concreto que investigar, trae apareja la imposibilidad del inicio de una investigaci\u00f3n seria, tener en cuenta los requisitos formales de admisibilidad dispuestos en el art. 2 del Decreto Reglamentario N\u00b07434\/11.<\/p>\n","protected":false},"excerpt":{"rendered":"El M\u00f3dulo de Investigaciones, es una herramienta mediante la cual las personas interesadas pueden denunciar hechos y\/o actos contrarios a las disposiciones de la Ley N\u00b02051\/03 y concordantes y los Principios Generales de la contrataci\u00f3n p\u00fablica, as\u00ed como presentar los descargos correspondientes, realizar presentaciones adicionales que consideren pertinente y realizar el seguimiento del proceso, todo [&hellip;]","protected":false},"author":8,"featured_media":0,"parent":701,"menu_order":5,"comment_status":"closed","ping_status":"closed","template":"","meta":{"footnotes":""},"class_list":["post-917","page","type-page","status-publish","hentry"],"_links":{"self":[{"href":"https:\/\/www.contrataciones.gov.py\/dncp\/wp-json\/wp\/v2\/pages\/917","targetHints":{"allow":["GET"]}}],"collection":[{"href":"https:\/\/www.contrataciones.gov.py\/dncp\/wp-json\/wp\/v2\/pages"}],"about":[{"href":"https:\/\/www.contrataciones.gov.py\/dncp\/wp-json\/wp\/v2\/types\/page"}],"author":[{"embeddable":true,"href":"https:\/\/www.contrataciones.gov.py\/dncp\/wp-json\/wp\/v2\/users\/8"}],"replies":[{"embeddable":true,"href":"https:\/\/www.contrataciones.gov.py\/dncp\/wp-json\/wp\/v2\/comments?post=917"}],"version-history":[{"count":6,"href":"https:\/\/www.contrataciones.gov.py\/dncp\/wp-json\/wp\/v2\/pages\/917\/revisions"}],"predecessor-version":[{"id":13543,"href":"https:\/\/www.contrataciones.gov.py\/dncp\/wp-json\/wp\/v2\/pages\/917\/revisions\/13543"}],"up":[{"embeddable":true,"href":"https:\/\/www.contrataciones.gov.py\/dncp\/wp-json\/wp\/v2\/pages\/701"}],"wp:attachment":[{"href":"https:\/\/www.contrataciones.gov.py\/dncp\/wp-json\/wp\/v2\/media?parent=917"}],"curies":[{"name":"wp","href":"https:\/\/api.w.org\/{rel}","templated":true}]}}