{"id":921,"date":"2023-04-26T17:58:15","date_gmt":"2023-04-26T21:58:15","guid":{"rendered":"https:\/\/www.contrataciones.gov.py\/dncp\/?page_id=921"},"modified":"2024-12-05T12:11:54","modified_gmt":"2024-12-05T15:11:54","slug":"investigaciones-previas-sumarios-administrativos","status":"publish","type":"page","link":"https:\/\/www.contrataciones.gov.py\/dncp\/tramites-juridicos-electronicos\/investigaciones-previas-sumarios-administrativos\/","title":{"rendered":"Investigaciones Previas y Sumarios Administrativos"},"content":{"rendered":"\n<figure class=\"wp-block-image size-large\"><img loading=\"lazy\" decoding=\"async\" width=\"1024\" height=\"217\" src=\"https:\/\/www.contrataciones.gov.py\/dncp\/wp-content\/uploads\/2024\/12\/actualizacion-de-usuarios-de-Unidades-de-Contratacion_WEB-11-1-1024x217.jpg\" alt=\"\" class=\"wp-image-13547\" srcset=\"https:\/\/www.contrataciones.gov.py\/dncp\/wp-content\/uploads\/2024\/12\/actualizacion-de-usuarios-de-Unidades-de-Contratacion_WEB-11-1-1024x217.jpg 1024w, https:\/\/www.contrataciones.gov.py\/dncp\/wp-content\/uploads\/2024\/12\/actualizacion-de-usuarios-de-Unidades-de-Contratacion_WEB-11-1-300x63.jpg 300w, https:\/\/www.contrataciones.gov.py\/dncp\/wp-content\/uploads\/2024\/12\/actualizacion-de-usuarios-de-Unidades-de-Contratacion_WEB-11-1-768x162.jpg 768w, https:\/\/www.contrataciones.gov.py\/dncp\/wp-content\/uploads\/2024\/12\/actualizacion-de-usuarios-de-Unidades-de-Contratacion_WEB-11-1-1536x325.jpg 1536w, https:\/\/www.contrataciones.gov.py\/dncp\/wp-content\/uploads\/2024\/12\/actualizacion-de-usuarios-de-Unidades-de-Contratacion_WEB-11-1.jpg 1920w\" sizes=\"auto, (max-width: 1024px) 100vw, 1024px\" \/><\/figure>\n\n\n\n<p>El M\u00f3dulo Electr\u00f3nico de Investigaciones Previas y Sumarios Administrativos, es una herramienta vers\u00e1til que busca facilitar, simplificar y centralizar los tr\u00e1mites jur\u00eddicos en los procesos de tratamiento de infracciones y sanciones llevados a cabo por la Direcci\u00f3n Nacional de Contrataciones P\u00fablicas<\/p>\n\n\n\n<p>El proyecto fue liderado por el Departamento de Sumarios, bajo supervisi\u00f3n y control de la Coordinaci\u00f3n y Direcci\u00f3n respectiva, y ha contado con colaboraci\u00f3n de distintas \u00e1reas para su desarrollo, creaci\u00f3n e implementaci\u00f3n.<\/p>\n\n\n\n<p>A trav\u00e9s del mismo, se pone a disposici\u00f3n de los Organismos, Entidades, Municipalidades y del p\u00fablico en general, medios agiles y seguros, para denunciar supuestos de hechos y\/o actos contrarios a las disposiciones de la Ley N\u00b02051\/03 y concordantes, que podr\u00edan subsumirse en alguno de los incisos del Articulo 72 de la Ley.<\/p>\n\n\n\n<p>Del mismo modo, se abre la posibilidad para que las firmas sujetas a procesos, puedan presentar los descargos correspondientes y las manifestaciones que consideren pertinentes, as\u00ed como realizar el seguimiento del proceso de manera \u00e1gil y remota.<\/p>\n\n\n\n<p><a href=\"https:\/\/contrataciones.gov.py\/stje-cliente\/public\/sumarios\/escrito_de_sumario_edit.html\" data-type=\"URL\" data-id=\"https:\/\/contrataciones.gov.py\/stje-cliente\/public\/sumarios\/escrito_de_sumario_edit.html\"><u>Escrito de denuncia<\/u><\/a><\/p>\n\n\n\n<p><a href=\"https:\/\/www.contrataciones.gov.py\/stje\/solicitud-cambio-correo-contacto\/sumario.html\" data-type=\"URL\" data-id=\"https:\/\/www.contrataciones.gov.py\/stje\/solicitud-cambio-correo-contacto\/sumario.html\"><u>Formulario de Cambio de Correo de Contacto<\/u><\/a><\/p>\n\n\n\n<p>Si usted tiene alg\u00fan inconveniente con el uso del sistema de tr\u00e1mite jur\u00eddico electr\u00f3nico de Investigaciones Previas y Sumarios Administrativos por favor deje sus comentarios aqu\u00ed, realice una descripci\u00f3n detallada del problema y agregue el print de pantalla correspondiente.<\/p>\n\n\n\n<p><a href=\"https:\/\/www.contrataciones.gov.py\/mesa-de-ayuda.html?destino=19\" data-type=\"URL\" data-id=\"https:\/\/www.contrataciones.gov.py\/mesa-de-ayuda.html?destino=19\"><u>Reclamos sobre el uso del Sistema de Investigaciones Previas y Sumarios Administrativos<\/u><\/a><\/p>\n\n\n\n<h4 class=\"wp-block-heading\"><strong>Normas Vinculadas<\/strong><\/h4>\n\n\n\n\r\n<div class=\"table-responsive\">\r\n<table class=\"table table-striped table-bordered table-hover\">\r\n\t<thead>\r\n\t  <tr>\r\n\t\t<th>Descripci\u00f3n<\/th>\r\n\t\t<th class=\"text-center\">Descarga<\/th>\r\n\t  <\/tr>\r\n\t<\/thead>\r\n\t<tbody>\r\n\t\t\t\t\t<tr>\r\n\t\t\t\t<td>Resoluci\u00f3n DNCP 1858\/20- Audiencias en procedimientos sustanciados en la Direcci\u00f3n Jur\u00eddica de la Direcci\u00f3n Nacional de Contrataciones P\u00fablicas.<\/td>\r\n\t\t\t\t<td class=\"center\"><p class=\"text-center\"><a target=\"blank\" href=\"https:\/\/www.contrataciones.gov.py\/t\/download\/NormasManuales\/35\"><i class=\"fa fa-download\"><\/i><\/a><\/p><\/td>\r\n\t\t\t\t\t<tr>\r\n\t\t\t\t<td>Resolucion de la DNCP 572\/20 - Normativa para  los procedimientos juridicos de la DNCP.<\/td>\r\n\t\t\t\t<td class=\"center\"><p class=\"text-center\"><a target=\"blank\" href=\"https:\/\/www.contrataciones.gov.py\/t\/download\/NormasManuales\/32\"><i class=\"fa fa-download\"><\/i><\/a><\/p><\/td>\r\n\t\t\t<\/tbody>\r\n<\/table>\n\n\n\n\n\n<h4 class=\"wp-block-heading\"><strong>Manuales de Uso<\/strong><\/h4>\n\n\n\n\r\n<div class=\"table-responsive\">\r\n<table class=\"table table-striped table-bordered table-hover\">\r\n\t<thead>\r\n\t  <tr>\r\n\t\t<th>Descripci\u00f3n<\/th>\r\n\t\t<th class=\"text-center\">Descarga<\/th>\r\n\t  <\/tr>\r\n\t<\/thead>\r\n\t<tbody>\r\n\t\t\t\t\t<tr>\r\n\t\t\t\t<td>Guia videoconferencia Sumarios<\/td>\r\n\t\t\t\t<td class=\"center\"><p class=\"text-center\"><a target=\"blank\" href=\"https:\/\/www.contrataciones.gov.py\/t\/download\/NormasManuales\/34\"><i class=\"fa fa-download\"><\/i><\/a><\/p><\/td>\r\n\t\t\t\t\t<tr>\r\n\t\t\t\t<td>Guia de reclamos STJE<\/td>\r\n\t\t\t\t<td class=\"center\"><p class=\"text-center\"><a target=\"blank\" href=\"https:\/\/www.contrataciones.gov.py\/t\/download\/NormasManuales\/22\"><i class=\"fa fa-download\"><\/i><\/a><\/p><\/td>\r\n\t\t\t\t\t<tr>\r\n\t\t\t\t<td>Manual del usuario de investigaciones previas y sumarios electronicos<\/td>\r\n\t\t\t\t<td class=\"center\"><p class=\"text-center\"><a target=\"blank\" href=\"https:\/\/www.contrataciones.gov.py\/t\/download\/NormasManuales\/18\"><i class=\"fa fa-download\"><\/i><\/a><\/p><\/td>\r\n\t\t\t<\/tbody>\r\n<\/table>\n\n\n\n\n\n<h4 class=\"wp-block-heading\"><strong>Avisos<\/strong><\/h4>\n\n\n\n<p>Las Investigaciones Previas de Infracciones Administrativas de proveedores, oferentes y contratistas, podr\u00e1n iniciarse siempre y cuando, por cualquier medio fehaciente, la DNCP tome conocimiento de la existencia de indicios suficientes de la comisi\u00f3n de infracciones administrativas realizadas en el marco de los contratos que caen en el \u00e1mbito de la Ley N\u00b0 2.051\/03 \u201cDe Contrataciones P\u00fablicas\u201d, a fin de determinar si procede la apertura de sumarios administrativos o no.<\/p>\n\n\n\n<p>El desistimiento posterior de la denuncia por parte del promotor, no constituir\u00e1 necesariamente fundamento suficiente para desestimar el caso, sin perjuicio de la valoraci\u00f3n de los motivos del desistimiento y las pruebas arrimadas. \u2013<\/p>\n\n\n\n<p>Conforme al Art\u00edculo 5\u00b0 \u201cDATOS VINCULANTES\u201d de la Resoluci\u00f3n DNCP N\u00b0 1035\/18, se indica: \u201cLas direcciones de correos electr\u00f3nicos declaradas por las partes ante la DNCP por escrito o a trav\u00e9s del Sistema (SIPE) son vinculantes y plenamente eficaces para las comunicaciones y ejercicio de los derechos de las mismas. Las partes son responsables de mantener actualizadas permanentemente dichas direcciones, as\u00ed como de las condiciones de seguridad y de las actuaciones realizadas desde los enlaces enviados a dichas direcciones de correos electr\u00f3nicos\u201d.-<\/p>\n","protected":false},"excerpt":{"rendered":"El M\u00f3dulo Electr\u00f3nico de Investigaciones Previas y Sumarios Administrativos, es una herramienta vers\u00e1til que busca facilitar, simplificar y centralizar los tr\u00e1mites jur\u00eddicos en los procesos de tratamiento de infracciones y sanciones llevados a cabo por la Direcci\u00f3n Nacional de Contrataciones P\u00fablicas El proyecto fue liderado por el Departamento de Sumarios, bajo supervisi\u00f3n y control de [&hellip;]","protected":false},"author":8,"featured_media":0,"parent":701,"menu_order":6,"comment_status":"closed","ping_status":"closed","template":"","meta":{"footnotes":""},"class_list":["post-921","page","type-page","status-publish","hentry"],"_links":{"self":[{"href":"https:\/\/www.contrataciones.gov.py\/dncp\/wp-json\/wp\/v2\/pages\/921","targetHints":{"allow":["GET"]}}],"collection":[{"href":"https:\/\/www.contrataciones.gov.py\/dncp\/wp-json\/wp\/v2\/pages"}],"about":[{"href":"https:\/\/www.contrataciones.gov.py\/dncp\/wp-json\/wp\/v2\/types\/page"}],"author":[{"embeddable":true,"href":"https:\/\/www.contrataciones.gov.py\/dncp\/wp-json\/wp\/v2\/users\/8"}],"replies":[{"embeddable":true,"href":"https:\/\/www.contrataciones.gov.py\/dncp\/wp-json\/wp\/v2\/comments?post=921"}],"version-history":[{"count":5,"href":"https:\/\/www.contrataciones.gov.py\/dncp\/wp-json\/wp\/v2\/pages\/921\/revisions"}],"predecessor-version":[{"id":13551,"href":"https:\/\/www.contrataciones.gov.py\/dncp\/wp-json\/wp\/v2\/pages\/921\/revisions\/13551"}],"up":[{"embeddable":true,"href":"https:\/\/www.contrataciones.gov.py\/dncp\/wp-json\/wp\/v2\/pages\/701"}],"wp:attachment":[{"href":"https:\/\/www.contrataciones.gov.py\/dncp\/wp-json\/wp\/v2\/media?parent=921"}],"curies":[{"name":"wp","href":"https:\/\/api.w.org\/{rel}","templated":true}]}}