{"id":929,"date":"2023-04-26T18:18:44","date_gmt":"2023-04-26T22:18:44","guid":{"rendered":"https:\/\/www.contrataciones.gov.py\/dncp\/?page_id=929"},"modified":"2025-02-27T08:39:21","modified_gmt":"2025-02-27T11:39:21","slug":"que-son-las-compras-publicas-sostenibles","status":"publish","type":"page","link":"https:\/\/www.contrataciones.gov.py\/dncp\/compras-publicas-sostenibles\/que-son-las-compras-publicas-sostenibles\/","title":{"rendered":"\u00bfQu\u00e9 son las Compras P\u00fablicas Sostenibles?"},"content":{"rendered":"\n<figure class=\"wp-block-image size-large\"><img loading=\"lazy\" decoding=\"async\" width=\"1024\" height=\"217\" src=\"https:\/\/www.contrataciones.gov.py\/dncp\/wp-content\/uploads\/2025\/02\/\u00bfque-son-las-compras-publicas-sostenibles_-1024x217.jpg\" alt=\"\" class=\"wp-image-16244\" srcset=\"https:\/\/www.contrataciones.gov.py\/dncp\/wp-content\/uploads\/2025\/02\/\u00bfque-son-las-compras-publicas-sostenibles_-1024x217.jpg 1024w, https:\/\/www.contrataciones.gov.py\/dncp\/wp-content\/uploads\/2025\/02\/\u00bfque-son-las-compras-publicas-sostenibles_-300x63.jpg 300w, https:\/\/www.contrataciones.gov.py\/dncp\/wp-content\/uploads\/2025\/02\/\u00bfque-son-las-compras-publicas-sostenibles_-768x162.jpg 768w, https:\/\/www.contrataciones.gov.py\/dncp\/wp-content\/uploads\/2025\/02\/\u00bfque-son-las-compras-publicas-sostenibles_-1536x325.jpg 1536w, https:\/\/www.contrataciones.gov.py\/dncp\/wp-content\/uploads\/2025\/02\/\u00bfque-son-las-compras-publicas-sostenibles_.jpg 1920w\" sizes=\"auto, (max-width: 1024px) 100vw, 1024px\" \/><\/figure>\n\n\n\n<p>Las compras p\u00fablicas sostenibles son una pol\u00edtica llevada adelante por los gobiernos de manera a generar un involucramiento entre el poder de compra del Estado y el desarrollo social, econ\u00f3mico y la preservaci\u00f3n ambiental.<\/p>\n\n\n\n<p>Es decir, es un proceso mediante el cual las entidades compradoras satisfacen sus necesidades de bienes, servicios u obras, teniendo en cuenta principios que fomenten el uso racional y eficiente de los recursos naturales, la promoci\u00f3n de los derechos humanos y el desarrollo socioecon\u00f3mico regional.<\/p>\n\n\n\n<p>Los gobiernos cuentan con una carga de responsabilidad importante a la hora de pensar estas pol\u00edticas, ya que son el promotor principal de la defensa de los intereses generales y de la gesti\u00f3n de nuevas pr\u00e1cticas innovadoras.<\/p>\n\n\n\n<p>En este sentido, Paraguay cuenta con una Pol\u00edtica de Compras P\u00fablicas Sostenibles, actualizada en 2020 mediante la Resoluci\u00f3n N\u00b0&nbsp;<a href=\"https:\/\/www.contrataciones.gov.py\/documentos\/download\/marco-legal\/45681\">922\/2020<\/a>, mediante la cual se declara expresamente el compromiso de la Direcci\u00f3n Nacional de Contrataciones P\u00fablicas, como instituci\u00f3n reguladora de las compras estatales, de potenciar el desarrollo sostenible en las dimensiones ambientales, sociales y econ\u00f3micas.<\/p>\n\n\n\n<p>Adem\u00e1s de contemplar las tres dimensiones de la sostenibilidad, la DNCP incluye el principio de valor por dinero y conceptos como; econom\u00eda circular, compras p\u00fablicas innovadoras y conducta empresarial responsable.<\/p>\n","protected":false},"excerpt":{"rendered":"Las compras p\u00fablicas sostenibles son una pol\u00edtica llevada adelante por los gobiernos de manera a generar un involucramiento entre el poder de compra del Estado y el desarrollo social, econ\u00f3mico y la preservaci\u00f3n ambiental. Es decir, es un proceso mediante el cual las entidades compradoras satisfacen sus necesidades de bienes, servicios u obras, teniendo en [&hellip;]","protected":false},"author":13,"featured_media":0,"parent":895,"menu_order":1,"comment_status":"closed","ping_status":"closed","template":"","meta":{"footnotes":""},"class_list":["post-929","page","type-page","status-publish","hentry"],"_links":{"self":[{"href":"https:\/\/www.contrataciones.gov.py\/dncp\/wp-json\/wp\/v2\/pages\/929","targetHints":{"allow":["GET"]}}],"collection":[{"href":"https:\/\/www.contrataciones.gov.py\/dncp\/wp-json\/wp\/v2\/pages"}],"about":[{"href":"https:\/\/www.contrataciones.gov.py\/dncp\/wp-json\/wp\/v2\/types\/page"}],"author":[{"embeddable":true,"href":"https:\/\/www.contrataciones.gov.py\/dncp\/wp-json\/wp\/v2\/users\/13"}],"replies":[{"embeddable":true,"href":"https:\/\/www.contrataciones.gov.py\/dncp\/wp-json\/wp\/v2\/comments?post=929"}],"version-history":[{"count":3,"href":"https:\/\/www.contrataciones.gov.py\/dncp\/wp-json\/wp\/v2\/pages\/929\/revisions"}],"predecessor-version":[{"id":16248,"href":"https:\/\/www.contrataciones.gov.py\/dncp\/wp-json\/wp\/v2\/pages\/929\/revisions\/16248"}],"up":[{"embeddable":true,"href":"https:\/\/www.contrataciones.gov.py\/dncp\/wp-json\/wp\/v2\/pages\/895"}],"wp:attachment":[{"href":"https:\/\/www.contrataciones.gov.py\/dncp\/wp-json\/wp\/v2\/media?parent=929"}],"curies":[{"name":"wp","href":"https:\/\/api.w.org\/{rel}","templated":true}]}}