{"id":936,"date":"2023-04-26T18:52:16","date_gmt":"2023-04-26T22:52:16","guid":{"rendered":"https:\/\/www.contrataciones.gov.py\/dncp\/?page_id=936"},"modified":"2025-02-27T08:40:03","modified_gmt":"2025-02-27T11:40:03","slug":"criterios-sociales-y-economicos","status":"publish","type":"page","link":"https:\/\/www.contrataciones.gov.py\/dncp\/compras-publicas-sostenibles\/criterios-sociales-y-economicos\/","title":{"rendered":"Criterios Sociales y econ\u00f3micos de los Pliegos Est\u00e1ndares"},"content":{"rendered":"\n<figure class=\"wp-block-image size-large\"><img loading=\"lazy\" decoding=\"async\" width=\"1024\" height=\"217\" src=\"https:\/\/www.contrataciones.gov.py\/dncp\/wp-content\/uploads\/2025\/02\/Criterios-sociales-y-economicos-de-los-pliegos-estandares-1024x217.jpg\" alt=\"\" class=\"wp-image-16260\" srcset=\"https:\/\/www.contrataciones.gov.py\/dncp\/wp-content\/uploads\/2025\/02\/Criterios-sociales-y-economicos-de-los-pliegos-estandares-1024x217.jpg 1024w, https:\/\/www.contrataciones.gov.py\/dncp\/wp-content\/uploads\/2025\/02\/Criterios-sociales-y-economicos-de-los-pliegos-estandares-300x63.jpg 300w, https:\/\/www.contrataciones.gov.py\/dncp\/wp-content\/uploads\/2025\/02\/Criterios-sociales-y-economicos-de-los-pliegos-estandares-768x162.jpg 768w, https:\/\/www.contrataciones.gov.py\/dncp\/wp-content\/uploads\/2025\/02\/Criterios-sociales-y-economicos-de-los-pliegos-estandares-1536x325.jpg 1536w, https:\/\/www.contrataciones.gov.py\/dncp\/wp-content\/uploads\/2025\/02\/Criterios-sociales-y-economicos-de-los-pliegos-estandares.jpg 1920w\" sizes=\"auto, (max-width: 1024px) 100vw, 1024px\" \/><\/figure>\n\n\n\n<p>Criterios sociales y econ\u00f3micos:<\/p>\n\n\n\n<ul class=\"wp-block-list\">\n<li>Los oferentes deber\u00e1n indicar bajo declaraci\u00f3n jurada el pago del salario m\u00ednimo a sus colaboradores, adem\u00e1s de garantizar la no contrataci\u00f3n de menores.<\/li>\n\n\n\n<li>Los oferentes deber\u00e1n dar cumplimiento a las disposiciones legales vigentes asegurando a los trabajadores dependientes condiciones de trabajo dignas y justas en lo referente al salario, cargas sociales, provisi\u00f3n de uniformes, provisi\u00f3n de equipos de protecci\u00f3n individual, bonificaci\u00f3n familiar, jornada laboral, asegurar condiciones especiales a trabajadores expuestos a trabajos insalubres y peligrosos, remuneraci\u00f3n por jornada nocturna.<\/li>\n\n\n\n<li>Las deducciones al salario, anticipos y pr\u00e9stamos a los trabajadores no podr\u00e1n exceder los l\u00edmites legales. Los t\u00e9rminos y condiciones relacionados a los mismos deber\u00e1n comunicarse de manera clara, para que los trabajadores los entiendan.<\/li>\n\n\n\n<li>Los oferentes adjudicados deber\u00e1n fomentar en la medida de lo posible, la creaci\u00f3n de empleo local y el uso de suministros locales.<\/li>\n<\/ul>\n","protected":false},"excerpt":{"rendered":"Criterios sociales y econ\u00f3micos:","protected":false},"author":13,"featured_media":0,"parent":895,"menu_order":3,"comment_status":"closed","ping_status":"closed","template":"","meta":{"footnotes":""},"class_list":["post-936","page","type-page","status-publish","hentry"],"_links":{"self":[{"href":"https:\/\/www.contrataciones.gov.py\/dncp\/wp-json\/wp\/v2\/pages\/936","targetHints":{"allow":["GET"]}}],"collection":[{"href":"https:\/\/www.contrataciones.gov.py\/dncp\/wp-json\/wp\/v2\/pages"}],"about":[{"href":"https:\/\/www.contrataciones.gov.py\/dncp\/wp-json\/wp\/v2\/types\/page"}],"author":[{"embeddable":true,"href":"https:\/\/www.contrataciones.gov.py\/dncp\/wp-json\/wp\/v2\/users\/13"}],"replies":[{"embeddable":true,"href":"https:\/\/www.contrataciones.gov.py\/dncp\/wp-json\/wp\/v2\/comments?post=936"}],"version-history":[{"count":7,"href":"https:\/\/www.contrataciones.gov.py\/dncp\/wp-json\/wp\/v2\/pages\/936\/revisions"}],"predecessor-version":[{"id":16264,"href":"https:\/\/www.contrataciones.gov.py\/dncp\/wp-json\/wp\/v2\/pages\/936\/revisions\/16264"}],"up":[{"embeddable":true,"href":"https:\/\/www.contrataciones.gov.py\/dncp\/wp-json\/wp\/v2\/pages\/895"}],"wp:attachment":[{"href":"https:\/\/www.contrataciones.gov.py\/dncp\/wp-json\/wp\/v2\/media?parent=936"}],"curies":[{"name":"wp","href":"https:\/\/api.w.org\/{rel}","templated":true}]}}