{"id":947,"date":"2023-04-26T19:05:38","date_gmt":"2023-04-26T23:05:38","guid":{"rendered":"https:\/\/www.contrataciones.gov.py\/dncp\/?page_id=947"},"modified":"2025-02-27T08:40:24","modified_gmt":"2025-02-27T11:40:24","slug":"criterios-sobre-conducta-empresarial-responsable-de-los-pliegos-estandares","status":"publish","type":"page","link":"https:\/\/www.contrataciones.gov.py\/dncp\/compras-publicas-sostenibles\/criterios-sobre-conducta-empresarial-responsable-de-los-pliegos-estandares\/","title":{"rendered":"Criterios sobre conducta empresarial responsable de los Pliegos Est\u00e1ndares"},"content":{"rendered":"\n<figure class=\"wp-block-image size-large\"><img loading=\"lazy\" decoding=\"async\" width=\"1024\" height=\"217\" src=\"https:\/\/www.contrataciones.gov.py\/dncp\/wp-content\/uploads\/2025\/02\/Criterios-sobre-conducta-empresarial-responsable-de-los-pliegos-estandares-1024x217.jpg\" alt=\"\" class=\"wp-image-16268\" srcset=\"https:\/\/www.contrataciones.gov.py\/dncp\/wp-content\/uploads\/2025\/02\/Criterios-sobre-conducta-empresarial-responsable-de-los-pliegos-estandares-1024x217.jpg 1024w, https:\/\/www.contrataciones.gov.py\/dncp\/wp-content\/uploads\/2025\/02\/Criterios-sobre-conducta-empresarial-responsable-de-los-pliegos-estandares-300x63.jpg 300w, https:\/\/www.contrataciones.gov.py\/dncp\/wp-content\/uploads\/2025\/02\/Criterios-sobre-conducta-empresarial-responsable-de-los-pliegos-estandares-768x162.jpg 768w, https:\/\/www.contrataciones.gov.py\/dncp\/wp-content\/uploads\/2025\/02\/Criterios-sobre-conducta-empresarial-responsable-de-los-pliegos-estandares-1536x325.jpg 1536w, https:\/\/www.contrataciones.gov.py\/dncp\/wp-content\/uploads\/2025\/02\/Criterios-sobre-conducta-empresarial-responsable-de-los-pliegos-estandares.jpg 1920w\" sizes=\"auto, (max-width: 1024px) 100vw, 1024px\" \/><\/figure>\n\n\n\n<h2 class=\"wp-block-heading\">Conducta empresarial responsable:<\/h2>\n\n\n\n<p>Los oferentes deber\u00e1n observar los m\u00e1s altos niveles de integridad, as\u00ed como altos est\u00e1ndares de conducta de negocios, ya sea durante el procedimiento de licitaci\u00f3n o la ejecuci\u00f3n de un contrato. Asimismo, se comprometen a:<\/p>\n\n\n\n<ul class=\"wp-block-list\">\n<li>Los oferentes deber\u00e1n observar los m\u00e1s altos niveles de integridad, as\u00ed como altos est\u00e1ndares de conducta de negocios, ya sea durante el procedimiento de licitaci\u00f3n o la ejecuci\u00f3n de un contrato. Asimismo, se comprometen a:<\/li>\n\n\n\n<li>No ofrecer, prometer o conceder ventajas indebidas, pecuniarias o de otro tipo a funcionarios p\u00fablicos. Tampoco deber\u00e1n solicitar, recibir o aceptar ventajas indebidas, pecuniarias o de otro tipo, de funcionarios p\u00fablicos o empleados de sus socios comerciales.<\/li>\n\n\n\n<li>Introducir pol\u00edticas y programas contra la corrupci\u00f3n e implementarlas dentro de sus operaciones.<\/li>\n\n\n\n<li>Garantizar que todos los recursos a ser empleados en la ejecuci\u00f3n de un contrato p\u00fablico sean de origen l\u00edcito.<\/li>\n\n\n\n<li>Garantizar que los fondos obtenidos de una licitaci\u00f3n p\u00fablica no sean destinados a fines il\u00edcitos.<\/li>\n<\/ul>\n","protected":false},"excerpt":{"rendered":"Conducta empresarial responsable: Los oferentes deber\u00e1n observar los m\u00e1s altos niveles de integridad, as\u00ed como altos est\u00e1ndares de conducta de negocios, ya sea durante el procedimiento de licitaci\u00f3n o la ejecuci\u00f3n de un contrato. Asimismo, se comprometen a:","protected":false},"author":13,"featured_media":0,"parent":895,"menu_order":4,"comment_status":"closed","ping_status":"closed","template":"","meta":{"footnotes":""},"class_list":["post-947","page","type-page","status-publish","hentry"],"_links":{"self":[{"href":"https:\/\/www.contrataciones.gov.py\/dncp\/wp-json\/wp\/v2\/pages\/947","targetHints":{"allow":["GET"]}}],"collection":[{"href":"https:\/\/www.contrataciones.gov.py\/dncp\/wp-json\/wp\/v2\/pages"}],"about":[{"href":"https:\/\/www.contrataciones.gov.py\/dncp\/wp-json\/wp\/v2\/types\/page"}],"author":[{"embeddable":true,"href":"https:\/\/www.contrataciones.gov.py\/dncp\/wp-json\/wp\/v2\/users\/13"}],"replies":[{"embeddable":true,"href":"https:\/\/www.contrataciones.gov.py\/dncp\/wp-json\/wp\/v2\/comments?post=947"}],"version-history":[{"count":7,"href":"https:\/\/www.contrataciones.gov.py\/dncp\/wp-json\/wp\/v2\/pages\/947\/revisions"}],"predecessor-version":[{"id":16272,"href":"https:\/\/www.contrataciones.gov.py\/dncp\/wp-json\/wp\/v2\/pages\/947\/revisions\/16272"}],"up":[{"embeddable":true,"href":"https:\/\/www.contrataciones.gov.py\/dncp\/wp-json\/wp\/v2\/pages\/895"}],"wp:attachment":[{"href":"https:\/\/www.contrataciones.gov.py\/dncp\/wp-json\/wp\/v2\/media?parent=947"}],"curies":[{"name":"wp","href":"https:\/\/api.w.org\/{rel}","templated":true}]}}