{"id":957,"date":"2023-04-27T09:50:11","date_gmt":"2023-04-27T13:50:11","guid":{"rendered":"https:\/\/www.contrataciones.gov.py\/dncp\/?page_id=957"},"modified":"2024-12-04T11:30:24","modified_gmt":"2024-12-04T14:30:24","slug":"acciones-ante-el-covid-19","status":"publish","type":"page","link":"https:\/\/www.contrataciones.gov.py\/dncp\/covid-19\/acciones-ante-el-covid-19\/","title":{"rendered":"Acciones ante el COVID-19"},"content":{"rendered":"\n<figure class=\"wp-block-image size-large is-resized\"><img loading=\"lazy\" decoding=\"async\" width=\"1024\" height=\"217\" src=\"https:\/\/www.contrataciones.gov.py\/dncp\/wp-content\/uploads\/2024\/12\/actualizacion-de-usuarios-de-Unidades-de-Contratacion_WEB-13-1-1024x217.jpg\" alt=\"\" class=\"wp-image-13223\" style=\"width:763px;height:161px\" srcset=\"https:\/\/www.contrataciones.gov.py\/dncp\/wp-content\/uploads\/2024\/12\/actualizacion-de-usuarios-de-Unidades-de-Contratacion_WEB-13-1-1024x217.jpg 1024w, https:\/\/www.contrataciones.gov.py\/dncp\/wp-content\/uploads\/2024\/12\/actualizacion-de-usuarios-de-Unidades-de-Contratacion_WEB-13-1-300x63.jpg 300w, https:\/\/www.contrataciones.gov.py\/dncp\/wp-content\/uploads\/2024\/12\/actualizacion-de-usuarios-de-Unidades-de-Contratacion_WEB-13-1-768x162.jpg 768w, https:\/\/www.contrataciones.gov.py\/dncp\/wp-content\/uploads\/2024\/12\/actualizacion-de-usuarios-de-Unidades-de-Contratacion_WEB-13-1-1536x325.jpg 1536w, https:\/\/www.contrataciones.gov.py\/dncp\/wp-content\/uploads\/2024\/12\/actualizacion-de-usuarios-de-Unidades-de-Contratacion_WEB-13-1.jpg 1920w\" sizes=\"auto, (max-width: 1024px) 100vw, 1024px\" \/><\/figure>\n\n\n\n<h4 class=\"wp-block-heading\">Acciones ante el COVID-19<\/h4>\n\n\n\n<p>Este sitio fue habilitado para concentrar toda la informaci\u00f3n relevante en relaci\u00f3n a las acciones tomadas por la DNCP ante la emergencia sanitaria del COVID-19, desde la perspectiva de las compras p\u00fablicas.<\/p>\n\n\n\n<p>Para acceder a la&nbsp;informaci\u00f3n de su&nbsp;inter\u00e9s, haga click sobre la opci\u00f3n que corresponda en el men\u00fa disponible en el lateral izquierdo de este texto.<\/p>\n","protected":false},"excerpt":{"rendered":"Acciones ante el COVID-19 Este sitio fue habilitado para concentrar toda la informaci\u00f3n relevante en relaci\u00f3n a las acciones tomadas por la DNCP ante la emergencia sanitaria del COVID-19, desde la perspectiva de las compras p\u00fablicas. Para acceder a la&nbsp;informaci\u00f3n de su&nbsp;inter\u00e9s, haga click sobre la opci\u00f3n que corresponda en el men\u00fa disponible en el [&hellip;]","protected":false},"author":13,"featured_media":0,"parent":904,"menu_order":0,"comment_status":"closed","ping_status":"closed","template":"","meta":{"footnotes":""},"class_list":["post-957","page","type-page","status-publish","hentry"],"_links":{"self":[{"href":"https:\/\/www.contrataciones.gov.py\/dncp\/wp-json\/wp\/v2\/pages\/957","targetHints":{"allow":["GET"]}}],"collection":[{"href":"https:\/\/www.contrataciones.gov.py\/dncp\/wp-json\/wp\/v2\/pages"}],"about":[{"href":"https:\/\/www.contrataciones.gov.py\/dncp\/wp-json\/wp\/v2\/types\/page"}],"author":[{"embeddable":true,"href":"https:\/\/www.contrataciones.gov.py\/dncp\/wp-json\/wp\/v2\/users\/13"}],"replies":[{"embeddable":true,"href":"https:\/\/www.contrataciones.gov.py\/dncp\/wp-json\/wp\/v2\/comments?post=957"}],"version-history":[{"count":6,"href":"https:\/\/www.contrataciones.gov.py\/dncp\/wp-json\/wp\/v2\/pages\/957\/revisions"}],"predecessor-version":[{"id":13227,"href":"https:\/\/www.contrataciones.gov.py\/dncp\/wp-json\/wp\/v2\/pages\/957\/revisions\/13227"}],"up":[{"embeddable":true,"href":"https:\/\/www.contrataciones.gov.py\/dncp\/wp-json\/wp\/v2\/pages\/904"}],"wp:attachment":[{"href":"https:\/\/www.contrataciones.gov.py\/dncp\/wp-json\/wp\/v2\/media?parent=957"}],"curies":[{"name":"wp","href":"https:\/\/api.w.org\/{rel}","templated":true}]}}