{"id":9870,"date":"2024-02-01T07:38:35","date_gmt":"2024-02-01T10:38:35","guid":{"rendered":"https:\/\/www.contrataciones.gov.py\/dncp\/?page_id=9870"},"modified":"2024-02-02T09:22:44","modified_gmt":"2024-02-02T12:22:44","slug":"reglamento","status":"publish","type":"page","link":"https:\/\/www.contrataciones.gov.py\/dncp\/profesionalizacion-en-compras-publicas\/reglamento\/","title":{"rendered":"Reglamento"},"content":{"rendered":"\n<figure class=\"wp-block-image size-full\"><img loading=\"lazy\" decoding=\"async\" width=\"810\" height=\"171\" src=\"https:\/\/www.contrataciones.gov.py\/dncp\/wp-content\/uploads\/2024\/02\/banner_curso_prof1-1.jpg\" alt=\"\" class=\"wp-image-9898\" srcset=\"https:\/\/www.contrataciones.gov.py\/dncp\/wp-content\/uploads\/2024\/02\/banner_curso_prof1-1.jpg 810w, https:\/\/www.contrataciones.gov.py\/dncp\/wp-content\/uploads\/2024\/02\/banner_curso_prof1-1-300x63.jpg 300w, https:\/\/www.contrataciones.gov.py\/dncp\/wp-content\/uploads\/2024\/02\/banner_curso_prof1-1-768x162.jpg 768w\" sizes=\"auto, (max-width: 810px) 100vw, 810px\" \/><\/figure>\n\n\n<h2 class=\"wp-block-post-title\">Reglamento<\/h2>\n\n\n<p>Descarg\u00e1 el <strong>Reglamento del Curso de Profesionalizaci\u00f3n en Compras P\u00fablicas<\/strong> y conoc\u00e9 los requisitos <a href=\"https:\/\/www.contrataciones.gov.py\/dncp\/wp-content\/uploads\/2024\/02\/Reglamento-del-Curso-Profesionalizacion-en-Compras-Publicas.pdf\" data-type=\"link\" data-id=\"https:\/\/www.contrataciones.gov.py\/dncp\/wp-content\/uploads\/2024\/02\/Reglamento-del-Curso-Profesionalizacion-en-Compras-Publicas.pdf\"><strong>aqu\u00ed.<\/strong><\/a><\/p>\n","protected":false},"excerpt":{"rendered":"Descarg\u00e1 el Reglamento del Curso de Profesionalizaci\u00f3n en Compras P\u00fablicas y conoc\u00e9 los requisitos aqu\u00ed.","protected":false},"author":26,"featured_media":0,"parent":9850,"menu_order":2,"comment_status":"closed","ping_status":"closed","template":"","meta":{"footnotes":""},"class_list":["post-9870","page","type-page","status-publish","hentry"],"_links":{"self":[{"href":"https:\/\/www.contrataciones.gov.py\/dncp\/wp-json\/wp\/v2\/pages\/9870","targetHints":{"allow":["GET"]}}],"collection":[{"href":"https:\/\/www.contrataciones.gov.py\/dncp\/wp-json\/wp\/v2\/pages"}],"about":[{"href":"https:\/\/www.contrataciones.gov.py\/dncp\/wp-json\/wp\/v2\/types\/page"}],"author":[{"embeddable":true,"href":"https:\/\/www.contrataciones.gov.py\/dncp\/wp-json\/wp\/v2\/users\/26"}],"replies":[{"embeddable":true,"href":"https:\/\/www.contrataciones.gov.py\/dncp\/wp-json\/wp\/v2\/comments?post=9870"}],"version-history":[{"count":7,"href":"https:\/\/www.contrataciones.gov.py\/dncp\/wp-json\/wp\/v2\/pages\/9870\/revisions"}],"predecessor-version":[{"id":9954,"href":"https:\/\/www.contrataciones.gov.py\/dncp\/wp-json\/wp\/v2\/pages\/9870\/revisions\/9954"}],"up":[{"embeddable":true,"href":"https:\/\/www.contrataciones.gov.py\/dncp\/wp-json\/wp\/v2\/pages\/9850"}],"wp:attachment":[{"href":"https:\/\/www.contrataciones.gov.py\/dncp\/wp-json\/wp\/v2\/media?parent=9870"}],"curies":[{"name":"wp","href":"https:\/\/api.w.org\/{rel}","templated":true}]}}