{"id":9958,"date":"2024-02-05T14:14:49","date_gmt":"2024-02-05T17:14:49","guid":{"rendered":"https:\/\/www.contrataciones.gov.py\/dncp\/?page_id=9958"},"modified":"2024-12-05T15:57:32","modified_gmt":"2024-12-05T18:57:32","slug":"r3d","status":"publish","type":"page","link":"https:\/\/www.contrataciones.gov.py\/dncp\/incubadora-dncp\/r3d\/","title":{"rendered":"R3D"},"content":{"rendered":"\n<figure class=\"wp-block-image size-large\"><img loading=\"lazy\" decoding=\"async\" width=\"1024\" height=\"217\" src=\"https:\/\/www.contrataciones.gov.py\/dncp\/wp-content\/uploads\/2024\/12\/actualizacion-de-usuarios-de-Unidades-de-Contratacion_WEB-4-1-1024x217.jpg\" alt=\"\" class=\"wp-image-13347\" srcset=\"https:\/\/www.contrataciones.gov.py\/dncp\/wp-content\/uploads\/2024\/12\/actualizacion-de-usuarios-de-Unidades-de-Contratacion_WEB-4-1-1024x217.jpg 1024w, https:\/\/www.contrataciones.gov.py\/dncp\/wp-content\/uploads\/2024\/12\/actualizacion-de-usuarios-de-Unidades-de-Contratacion_WEB-4-1-300x63.jpg 300w, https:\/\/www.contrataciones.gov.py\/dncp\/wp-content\/uploads\/2024\/12\/actualizacion-de-usuarios-de-Unidades-de-Contratacion_WEB-4-1-768x162.jpg 768w, https:\/\/www.contrataciones.gov.py\/dncp\/wp-content\/uploads\/2024\/12\/actualizacion-de-usuarios-de-Unidades-de-Contratacion_WEB-4-1-1536x325.jpg 1536w, https:\/\/www.contrataciones.gov.py\/dncp\/wp-content\/uploads\/2024\/12\/actualizacion-de-usuarios-de-Unidades-de-Contratacion_WEB-4-1.jpg 1920w\" sizes=\"auto, (max-width: 1024px) 100vw, 1024px\" \/><\/figure>\n\n\n\n<p>Te invitamos a explorar nuestra herramienta din\u00e1mica de visualizaci\u00f3n de datos para obtener informaci\u00f3n sobre las interacciones entre convocantes y proveedores. Pod\u00e9s utilizar filtros para acceder a datos espec\u00edficos por entidad, proveedor, a\u00f1o, categor\u00eda y otros criterios relevantes.<\/p>\n\n\n\n<p>Los enlaces te proporcionar\u00e1n informaci\u00f3n sobre la cantidad de contratos otorgados por las entidades a los proveedores.<\/p>\n\n\n\n<p>\u00a1Descubr\u00ed c\u00f3mo esta herramienta puede brindarte una visi\u00f3n m\u00e1s clara de la contrataci\u00f3n p\u00fablica!<\/p>\n\n\n\n<p><\/p>\n\n\n<div class=\"wp-block-image\">\n<figure class=\"aligncenter size-full\"><a href=\"https:\/\/r3d.dncp.gov.py\/\"><img loading=\"lazy\" decoding=\"async\" width=\"343\" height=\"88\" src=\"https:\/\/www.contrataciones.gov.py\/dncp\/wp-content\/uploads\/2024\/12\/Group-48boton.png\" alt=\"\" class=\"wp-image-13775\" srcset=\"https:\/\/www.contrataciones.gov.py\/dncp\/wp-content\/uploads\/2024\/12\/Group-48boton.png 343w, https:\/\/www.contrataciones.gov.py\/dncp\/wp-content\/uploads\/2024\/12\/Group-48boton-300x77.png 300w\" sizes=\"auto, (max-width: 343px) 100vw, 343px\" \/><\/a><\/figure>\n<\/div>","protected":false},"excerpt":{"rendered":"Te invitamos a explorar nuestra herramienta din\u00e1mica de visualizaci\u00f3n de datos para obtener informaci\u00f3n sobre las interacciones entre convocantes y proveedores. Pod\u00e9s utilizar filtros para acceder a datos espec\u00edficos por entidad, proveedor, a\u00f1o, categor\u00eda y otros criterios relevantes. Los enlaces te proporcionar\u00e1n informaci\u00f3n sobre la cantidad de contratos otorgados por las entidades a los proveedores. [&hellip;]","protected":false},"author":26,"featured_media":0,"parent":6938,"menu_order":4,"comment_status":"closed","ping_status":"closed","template":"","meta":{"footnotes":""},"class_list":["post-9958","page","type-page","status-publish","hentry"],"_links":{"self":[{"href":"https:\/\/www.contrataciones.gov.py\/dncp\/wp-json\/wp\/v2\/pages\/9958","targetHints":{"allow":["GET"]}}],"collection":[{"href":"https:\/\/www.contrataciones.gov.py\/dncp\/wp-json\/wp\/v2\/pages"}],"about":[{"href":"https:\/\/www.contrataciones.gov.py\/dncp\/wp-json\/wp\/v2\/types\/page"}],"author":[{"embeddable":true,"href":"https:\/\/www.contrataciones.gov.py\/dncp\/wp-json\/wp\/v2\/users\/26"}],"replies":[{"embeddable":true,"href":"https:\/\/www.contrataciones.gov.py\/dncp\/wp-json\/wp\/v2\/comments?post=9958"}],"version-history":[{"count":9,"href":"https:\/\/www.contrataciones.gov.py\/dncp\/wp-json\/wp\/v2\/pages\/9958\/revisions"}],"predecessor-version":[{"id":13923,"href":"https:\/\/www.contrataciones.gov.py\/dncp\/wp-json\/wp\/v2\/pages\/9958\/revisions\/13923"}],"up":[{"embeddable":true,"href":"https:\/\/www.contrataciones.gov.py\/dncp\/wp-json\/wp\/v2\/pages\/6938"}],"wp:attachment":[{"href":"https:\/\/www.contrataciones.gov.py\/dncp\/wp-json\/wp\/v2\/media?parent=9958"}],"curies":[{"name":"wp","href":"https:\/\/api.w.org\/{rel}","templated":true}]}}